{"id":572,"date":"2023-10-06T07:15:06","date_gmt":"2023-10-06T07:15:06","guid":{"rendered":"https:\/\/stop-racism.eu\/as-nossas-novidades\/"},"modified":"2025-07-07T12:01:45","modified_gmt":"2025-07-07T12:01:45","slug":"as-nossas-novidades","status":"publish","type":"page","link":"https:\/\/stop-racism.eu\/pt-pt\/as-nossas-novidades\/","title":{"rendered":"As Nossas Novidades"},"content":{"rendered":"\n<div id=\"wp-block-themeisle-blocks-tabs-370c3c21\" class=\"wp-block-themeisle-blocks-tabs is-align-full\"><div class=\"wp-block-themeisle-blocks-tabs__content\">\n<div data-title=\"Articles\" class=\"wp-block-themeisle-blocks-tabs-item\"><div class=\"wp-block-themeisle-blocks-tabs-item__header\" tabindex=\"0\">Articles<\/div><div class=\"wp-block-themeisle-blocks-tabs-item__content\">\n<div class=\"wp-block-group is-layout-constrained wp-block-group-is-layout-constrained\"><\/div>\n\n\n\r\n\t\t<div class=\"bdp-post-grid-main bdp-design-1 bdpgrid-1 bdp-clearfix\">\r\n\t\t\t<div class=\"bdp-post-grid  bdp-medium-12 bdp-columns \">\r\n\t<div class=\"bdp-post-grid-content \">\r\n\t\t\t\t<div class=\"bdp-post-image-bg\">\r\n\t\t\t<a href=\"https:\/\/stop-racism.eu\/pt-pt\/discriminacao-contra-a-comunidade-cigana-distribuida-na-alemanha-demonstra-o-relatorio\/\">\r\n\t\t\t\t<img decoding=\"async\" src=\"https:\/\/stop-racism.eu\/wp-content\/uploads\/2023\/10\/773x435_cmsv2_ff0d2588-4cb4-55d9-a499-be7e24d37110-7903124.webp\" alt=\"Discrimina\u00e7\u00e3o contra a comunidade cigana distribu\u00edda na Alemanha, demonstra o relat\u00f3rio\" \/>\r\n\t\t\t<\/a>\r\n\t\t<\/div>\r\n\t\t\r\n\t\t<h2 class=\"bdp-post-title\">\r\n\t\t\t<a href=\"https:\/\/stop-racism.eu\/pt-pt\/discriminacao-contra-a-comunidade-cigana-distribuida-na-alemanha-demonstra-o-relatorio\/\">Discrimina\u00e7\u00e3o contra a comunidade cigana distribu\u00edda na Alemanha, demonstra o relat\u00f3rio<\/a>\r\n\t\t<\/h2>\r\n\r\n\t\t\t\t\t<div class=\"bdp-post-meta\">\r\n\t\t\t\t\t\t\t\t\t<span class=\"bdp-post-meta-innr bdp-time\"> Outubro 27, 2023 <\/span>\r\n\t\t\t\t\t\t\t<\/div>\r\n\t\t\t\t\t<div class=\"bdp-post-content\">\r\n\t\t\t\t<div class=\"bdp-post-short-content\">A comunidade cigana na Alemanha documentou centadas de incidentes de discrimina\u00e7\u00e3o e racismo ao longo do \u00faltimo ano. O \u00f3dio racial e o preconceito contra a comunidade cigana na Alemanha...<\/div>\r\n\t\t\t\t\t\t\t\t\t<a href=\"https:\/\/stop-racism.eu\/pt-pt\/discriminacao-contra-a-comunidade-cigana-distribuida-na-alemanha-demonstra-o-relatorio\/\" class=\"bdp-readmorebtn\">Read More<\/a>\r\n\t\t\t\t\t\t\t<\/div>\r\n\t\t\t<\/div>\r\n<\/div><div class=\"bdp-post-grid  bdp-medium-12 bdp-columns \">\r\n\t<div class=\"bdp-post-grid-content \">\r\n\t\t\t\t<div class=\"bdp-post-image-bg\">\r\n\t\t\t<a href=\"https:\/\/stop-racism.eu\/pt-pt\/quais-paises-europeus-tem-maiores-niveis-de-racismo\/\">\r\n\t\t\t\t<img decoding=\"async\" src=\"https:\/\/stop-racism.eu\/wp-content\/uploads\/2023\/10\/828x626_cmsv2_7cdf5f41-d306-5dc0-bcfe-149501e4177f-7991604.webp\" alt=\"Quais pa\u00edses Europeus t\u00eam maiores n\u00edveis de Racismo?\" \/>\r\n\t\t\t<\/a>\r\n\t\t<\/div>\r\n\t\t\r\n\t\t<h2 class=\"bdp-post-title\">\r\n\t\t\t<a href=\"https:\/\/stop-racism.eu\/pt-pt\/quais-paises-europeus-tem-maiores-niveis-de-racismo\/\">Quais pa\u00edses Europeus t\u00eam maiores n\u00edveis de Racismo?<\/a>\r\n\t\t<\/h2>\r\n\r\n\t\t\t\t\t<div class=\"bdp-post-meta\">\r\n\t\t\t\t\t\t\t\t\t<span class=\"bdp-post-meta-innr bdp-time\"> Outubro 6, 2023 <\/span>\r\n\t\t\t\t\t\t\t<\/div>\r\n\t\t\t\t\t<div class=\"bdp-post-content\">\r\n\t\t\t\t<div class=\"bdp-post-short-content\">Desde as escolas para o mercado laboral, habita\u00e7\u00e3o e sa\u00fade, pessoas negras enfrentam discrimina\u00e7\u00e3o \"abrangente e implac\u00e1vel\", um relat\u00f3rio EU revelou. Um novo relat\u00f3rio enfatizou n\u00edveis \"embara\u00e7osos\" de racismo na...<\/div>\r\n\t\t\t\t\t\t\t\t\t<a href=\"https:\/\/stop-racism.eu\/pt-pt\/quais-paises-europeus-tem-maiores-niveis-de-racismo\/\" class=\"bdp-readmorebtn\">Read More<\/a>\r\n\t\t\t\t\t\t\t<\/div>\r\n\t\t\t<\/div>\r\n<\/div>\t\t<\/div>\r\n\r\n\t\t\n<\/div><\/div>\n\n\n\n<div data-title=\"Dissemination Materials\" class=\"wp-block-themeisle-blocks-tabs-item\"><div class=\"wp-block-themeisle-blocks-tabs-item__header\" tabindex=\"0\">Dissemination Materials<\/div><div class=\"wp-block-themeisle-blocks-tabs-item__content\">\n<div id=\"wp-block-themeisle-blocks-advanced-columns-576a1173\" class=\"wp-block-themeisle-blocks-advanced-columns has-1-columns has-desktop-equal-layout has-tablet-equal-layout has-mobile-equal-layout has-vertical-unset\"><div class=\"wp-block-themeisle-blocks-advanced-columns-overlay\"><\/div><div class=\"innerblocks-wrap\">\n<div id=\"wp-block-themeisle-blocks-advanced-column-4532b572\" class=\"wp-block-themeisle-blocks-advanced-column\">\n<div class=\"wp-block-group is-vertical is-content-justification-center is-layout-flex wp-container-core-group-is-layout-fa38c63a wp-block-group-is-layout-flex\">\n<h2 class=\"wp-block-heading has-text-align-left\"><a href=\"https:\/\/stop-racism.eu\/wp-content\/uploads\/2023\/10\/Greek-Brochure-STOP-RACISM.pdf\" data-type=\"link\" data-id=\"https:\/\/www.canva.com\/design\/DAFrB9mJMTI\/pxZbtd19mI6DpqWrTOjUMg\/view?utm_content=DA[%E2%80%A6]mpaign=designshare&amp;utm_medium=link&amp;utm_source=publishsharelink#1\" target=\"_blank\" rel=\"noreferrer noopener\"><mark style=\"background-color:rgba(0, 0, 0, 0);color:#fe1e56\" class=\"has-inline-color\">Brochura<\/mark><\/a><\/h2>\n\n\n\n<h2 class=\"wp-block-heading has-text-align-center\"><a href=\"https:\/\/stop-racism.eu\/wp-content\/uploads\/2023\/11\/Poster-STOP-RACISM-project.pdf\" target=\"_blank\" rel=\"noreferrer noopener\">P\u00f3ster<\/a><\/h2>\n\n\n\n<h2 class=\"wp-block-heading has-text-align-center\"><mark style=\"background-color:rgba(0, 0, 0, 0);color:#8c52fe\" class=\"has-inline-color\">Boletins informativos:<\/mark><\/h2>\n\n\n\n<div id=\"wp-block-themeisle-blocks-button-group-b677a619\" class=\"wp-block-themeisle-blocks-button-group wp-block-buttons align-center-desktop\">\n<div id=\"wp-block-themeisle-blocks-button-507dcc0e\" class=\"wp-block-themeisle-blocks-button wp-block-button\"><a href=\"https:\/\/stop-racism.eu\/wp-content\/uploads\/2025\/07\/Portuguese-1st-Newsletter-STOP-RACISM.pdf\" target=\"_blank\" rel=\"noopener noreferrer\" class=\"wp-block-button__link\"><span>Boletim informativo 1<\/span><\/a><\/div>\n\n\n\n<div id=\"wp-block-themeisle-blocks-button-9dc83b91\" class=\"wp-block-themeisle-blocks-button wp-block-button\"><a href=\"https:\/\/stop-racism.eu\/wp-content\/uploads\/2025\/07\/Portuguese-2nd-Newsletter-STOP-RACISM.pdf\" target=\"_blank\" rel=\"noopener noreferrer\" class=\"wp-block-button__link\"><span>Boletim informativo 2<\/span><\/a><\/div>\n\n\n\n<div id=\"wp-block-themeisle-blocks-button-fea74762\" class=\"wp-block-themeisle-blocks-button wp-block-button\"><a href=\"https:\/\/stop-racism.eu\/wp-content\/uploads\/2025\/07\/PT-3rd-Newsletter-STOP-RACISM.pdf\" target=\"_blank\" rel=\"noopener noreferrer\" class=\"wp-block-button__link\"><span>Boletim informativo 3<\/span><\/a><\/div>\n\n\n\n<div id=\"wp-block-themeisle-blocks-button-25e8d6f7\" class=\"wp-block-themeisle-blocks-button wp-block-button\"><a href=\"https:\/\/stop-racism.eu\/wp-content\/uploads\/2025\/07\/Portuguese-4th-Newsletter-STOP-RACISM.pdf\" target=\"_blank\" rel=\"noopener noreferrer\" class=\"wp-block-button__link\"><span>Boletim informativo 4<\/span><\/a><\/div>\n<\/div>\n<\/div>\n<\/div>\n<\/div><\/div>\n<\/div><\/div>\n<\/div><\/div>\n\n\n\n<blockquote class=\"wp-block-quote is-layout-flow wp-block-quote-is-layout-flow\">\n<p><\/p>\n\n\n\n<p><\/p>\n<\/blockquote>\n","protected":false},"excerpt":{"rendered":"","protected":false},"author":1,"featured_media":0,"parent":0,"menu_order":0,"comment_status":"closed","ping_status":"closed","template":"","meta":{"_themeisle_gutenberg_block_has_review":false,"footnotes":""},"class_list":["post-572","page","type-page","status-publish","hentry"],"_links":{"self":[{"href":"https:\/\/stop-racism.eu\/pt-pt\/wp-json\/wp\/v2\/pages\/572","targetHints":{"allow":["GET"]}}],"collection":[{"href":"https:\/\/stop-racism.eu\/pt-pt\/wp-json\/wp\/v2\/pages"}],"about":[{"href":"https:\/\/stop-racism.eu\/pt-pt\/wp-json\/wp\/v2\/types\/page"}],"author":[{"embeddable":true,"href":"https:\/\/stop-racism.eu\/pt-pt\/wp-json\/wp\/v2\/users\/1"}],"replies":[{"embeddable":true,"href":"https:\/\/stop-racism.eu\/pt-pt\/wp-json\/wp\/v2\/comments?post=572"}],"version-history":[{"count":2,"href":"https:\/\/stop-racism.eu\/pt-pt\/wp-json\/wp\/v2\/pages\/572\/revisions"}],"predecessor-version":[{"id":1227,"href":"https:\/\/stop-racism.eu\/pt-pt\/wp-json\/wp\/v2\/pages\/572\/revisions\/1227"}],"wp:attachment":[{"href":"https:\/\/stop-racism.eu\/pt-pt\/wp-json\/wp\/v2\/media?parent=572"}],"curies":[{"name":"wp","href":"https:\/\/api.w.org\/{rel}","templated":true}]}}