{"id":568,"date":"2023-10-09T08:51:43","date_gmt":"2023-10-09T08:51:43","guid":{"rendered":"https:\/\/stop-racism.eu\/stop-racism\/"},"modified":"2024-11-11T14:47:52","modified_gmt":"2024-11-11T14:47:52","slug":"stop-racism","status":"publish","type":"page","link":"https:\/\/stop-racism.eu\/pt-pt\/stop-racism\/","title":{"rendered":"STOP-RACISM"},"content":{"rendered":"\n<section id=\"services\" class=\"wp-block-themeisle-blocks-advanced-columns alignfull has-1-columns has-desktop-equal-layout has-tablet-equal-layout has-mobile-equal-layout has-vertical-flex-start has-dark-bg\"><div class=\"wp-block-themeisle-blocks-advanced-columns-overlay\"><\/div><div class=\"wp-block-themeisle-blocks-advanced-columns-separators top\"><svg id=\"bigTriangle\" fill=\"#000000\" viewBox=\"0 0 100 100\" width=\"100%\" height=\"100\" preserveAspectRatio=\"none\" xmlns=\"http:\/\/www.w3.org\/2000\/svg\" class=\"\"><path d=\"M0 0 L50 100 L100 0 Z\"><\/path><\/svg><\/div><div class=\"innerblocks-wrap\">\n<div id=\"wp-block-themeisle-blocks-advanced-column-9642dc3f\" class=\"wp-block-themeisle-blocks-advanced-column\">\n<section id=\"wp-block-themeisle-blocks-advanced-columns-62d68e08\" class=\"wp-block-themeisle-blocks-advanced-columns has-1-columns has-desktop-equal-layout has-tablet-equal-layout has-mobile-equal-layout has-vertical-flex-start\"><div class=\"wp-block-themeisle-blocks-advanced-columns-overlay\"><\/div><div class=\"innerblocks-wrap\">\n<div id=\"wp-block-themeisle-blocks-advanced-column-ba020b38\" class=\"wp-block-themeisle-blocks-advanced-column\">\n<h2 class=\"wp-block-heading has-text-align-center has-white-color has-text-color\">Descri\u00e7\u00e3o do Projeto<\/h2>\n\n\n\n<p>O projeto STOP-RACISM compreende uma iniciativa ambiciosa, com uma dura\u00e7\u00e3o de 24 meses e financiado pelo programa Erasmus+ KA2. O projeto presente trazer uma mudan\u00e7a significativa na nossa sociedade, atrav\u00e9s de um foco na sua demografia mais din\u00e2mica &#8211; a juventude. Nascido de uma necessidade urgente para ultrapassar o crescente <strong>preconceito<\/strong> e <strong>discrimina\u00e7\u00e3o racial<\/strong>, este projeto posiciona-se como um farol de esperan\u00e7a para um futuro inclusivo e tolerante. A partir de m\u00e9todos inovadores e uma compreens\u00e3o agu\u00e7ada das mentes dos jovens, o projeto STOP-RACISM, complementa a educa\u00e7\u00e3o com o envolvimento direto dos jovens, promovendo, simultaneamente, a sua consci\u00eancia e participa\u00e7\u00e3o ativa. Com uma atua\u00e7\u00e3o sist\u00e9mica em mente, o projeto pretende criar um ambiente onde a diversidade \u00e9 celebrada, e o preconceito colocado no passado.<\/p>\n\n\n\n<figure class=\"wp-block-image aligncenter size-large is-resized\"><img loading=\"lazy\" decoding=\"async\" width=\"1024\" height=\"577\" src=\"https:\/\/stop-racism.eu\/wp-content\/uploads\/2023\/10\/black-white-hands-1024x577.png\" alt=\"\" class=\"wp-image-74\" style=\"aspect-ratio:1.7746967071057191;width:804px;height:auto\" srcset=\"https:\/\/stop-racism.eu\/wp-content\/uploads\/2023\/10\/black-white-hands-1024x577.png 1024w, https:\/\/stop-racism.eu\/wp-content\/uploads\/2023\/10\/black-white-hands-300x169.png 300w, https:\/\/stop-racism.eu\/wp-content\/uploads\/2023\/10\/black-white-hands-768x433.png 768w, https:\/\/stop-racism.eu\/wp-content\/uploads\/2023\/10\/black-white-hands-1536x865.png 1536w, https:\/\/stop-racism.eu\/wp-content\/uploads\/2023\/10\/black-white-hands.png 1640w\" sizes=\"auto, (max-width: 1024px) 100vw, 1024px\" \/><\/figure>\n\n\n\n<p>Este projeto pretende escavar fundo relativamente ao panorama geral da literacia intercultural, produzindo um relat\u00f3rio compreensivo sobre os resultados. Estes resultar\u00e3o num quadro compreensivo e num <strong>curr\u00edculo<\/strong> de treino relativos \u00e0 literacia intercultural que ser\u00e3o desenhados e implementados. Estes ser\u00e3o seguidamente complementados por workshops interativos por natureza, utilizando para tal <strong>jogos s\u00e9rios<\/strong> e uma <strong>plataforma e-learning<\/strong> para melhorar a experi\u00eancia. Para assegurar que o impacto do projecto ser\u00e1 extendido para al\u00e9m dos participantes, um <strong>kit de ferramentas<\/strong> hol\u00edsticos ser\u00e1 desenvolvido, especialmente direcionado para educadores de jovens. Este ser\u00e1 emparelhado com <strong>recomenda\u00e7\u00f5es pol\u00edticas<\/strong> robustas, para guiar futuras a\u00e7\u00f5es contra o racismo e o preconceito. Os <strong>objetivos<\/strong> deste projeto s\u00e3o:<\/p>\n\n\n\n<div style=\"height:20px\" aria-hidden=\"true\" class=\"wp-block-spacer\"><\/div>\n<\/div>\n<\/div><\/section>\n\n\n\n<div style=\"height:20px\" aria-hidden=\"true\" class=\"wp-block-spacer\"><\/div>\n\n\n\n<section id=\"wp-block-themeisle-blocks-advanced-columns-c568fbc0\" class=\"wp-block-themeisle-blocks-advanced-columns has-4-columns has-desktop-equal-layout has-tablet-equal-layout has-mobile-collapsedRows-layout has-vertical-flex-start\"><div class=\"wp-block-themeisle-blocks-advanced-columns-overlay\"><\/div><div class=\"innerblocks-wrap\">\n<div id=\"wp-block-themeisle-blocks-advanced-column-645429cb\" class=\"wp-block-themeisle-blocks-advanced-column\">\n<h3 id=\"wp-block-themeisle-blocks-advanced-heading-21fcd68f\" class=\"wp-block-themeisle-blocks-advanced-heading wp-block-themeisle-blocks-advanced-heading-21fcd68f\">Objetivo 1<\/h3>\n\n\n\n<p class=\"has-text-align-center has-white-color has-text-color\">Defender a toler\u00e2ncia, o respeito pela diversidade e a n\u00e3o discrimina\u00e7\u00e3o entre os jovens.<\/p>\n<\/div>\n\n\n\n<div id=\"wp-block-themeisle-blocks-advanced-column-46197171\" class=\"wp-block-themeisle-blocks-advanced-column\">\n<h3 id=\"wp-block-themeisle-blocks-advanced-heading-2ec6c5e2\" class=\"wp-block-themeisle-blocks-advanced-heading wp-block-themeisle-blocks-advanced-heading-2ec6c5e2\">Objetivo 2<\/h3>\n\n\n\n<p class=\"has-text-align-center has-white-color has-text-color\">Esclarecer os jovens sobre a problem\u00e1tica do racismo e da necessidade de eliminar o preconceito.<\/p>\n<\/div>\n\n\n\n<div id=\"wp-block-themeisle-blocks-advanced-column-c5e25b38\" class=\"wp-block-themeisle-blocks-advanced-column\">\n<h3 id=\"wp-block-themeisle-blocks-advanced-heading-1a2fc605\" class=\"wp-block-themeisle-blocks-advanced-heading wp-block-themeisle-blocks-advanced-heading-1a2fc605\">Objetivo 3<\/h3>\n\n\n\n<p class=\"has-text-align-center has-white-color has-text-color\">Implementar t\u00e9cnicas n\u00e3o formais e a gamifica\u00e7\u00e3o para fomentar o crescimento pessoal, especialmente daqueles com menos oportunidades.<\/p>\n<\/div>\n\n\n\n<div id=\"wp-block-themeisle-blocks-advanced-column-a8141182\" class=\"wp-block-themeisle-blocks-advanced-column\">\n<h3 id=\"wp-block-themeisle-blocks-advanced-heading-12979e1e\" class=\"wp-block-themeisle-blocks-advanced-heading wp-block-themeisle-blocks-advanced-heading-12979e1e\">Objetivo 4<\/h3>\n\n\n\n<p class=\"has-text-align-center\">Fornecer suporte a grupos que j\u00e1 foram subjugados a preconceito e discrimina\u00e7\u00e3o racial<\/p>\n<\/div>\n<\/div><\/section>\n<\/div>\n<\/div><\/section>\n\n<div id=\"wp-block-themeisle-blocks-advanced-columns-a2946a77\" class=\"wp-block-themeisle-blocks-advanced-columns alignfull has-2-columns has-desktop-equal-layout has-tablet-equal-layout has-mobile-collapsedRows-layout has-vertical-center ticss-a2946a77\"><div class=\"wp-block-themeisle-blocks-advanced-columns-overlay\"><\/div><div class=\"wp-block-themeisle-blocks-advanced-columns-separators top\"><svg id=\"bigTriangle\" fill=\"#000000\" viewBox=\"0 0 100 100\" width=\"100%\" height=\"100\" preserveAspectRatio=\"none\" xmlns=\"http:\/\/www.w3.org\/2000\/svg\" class=\"\"><path d=\"M0 0 L50 100 L100 0 Z\"><\/path><\/svg><\/div><div class=\"innerblocks-wrap\">\n<div id=\"wp-block-themeisle-blocks-advanced-column-bbddf55b\" class=\"wp-block-themeisle-blocks-advanced-column\">\n<figure class=\"wp-block-gallery aligncenter has-nested-images columns-default is-cropped wp-block-gallery-1 is-layout-flex wp-block-gallery-is-layout-flex\">\n<figure class=\"wp-block-image size-full\"><img loading=\"lazy\" decoding=\"async\" width=\"2000\" height=\"2000\" data-id=\"76\" src=\"https:\/\/stop-racism.eu\/wp-content\/uploads\/2023\/10\/stop-racism-globe.jpg\" alt=\"\" class=\"wp-image-76\" srcset=\"https:\/\/stop-racism.eu\/wp-content\/uploads\/2023\/10\/stop-racism-globe.jpg 2000w, https:\/\/stop-racism.eu\/wp-content\/uploads\/2023\/10\/stop-racism-globe-300x300.jpg 300w, https:\/\/stop-racism.eu\/wp-content\/uploads\/2023\/10\/stop-racism-globe-1024x1024.jpg 1024w, https:\/\/stop-racism.eu\/wp-content\/uploads\/2023\/10\/stop-racism-globe-150x150.jpg 150w, https:\/\/stop-racism.eu\/wp-content\/uploads\/2023\/10\/stop-racism-globe-768x768.jpg 768w, https:\/\/stop-racism.eu\/wp-content\/uploads\/2023\/10\/stop-racism-globe-1536x1536.jpg 1536w\" sizes=\"auto, (max-width: 2000px) 100vw, 2000px\" \/><\/figure>\n<\/figure>\n<\/div>\n\n\n\n<div id=\"wp-block-themeisle-blocks-advanced-column-92b2db05\" class=\"wp-block-themeisle-blocks-advanced-column\">\n<p id=\"wp-block-themeisle-blocks-advanced-heading-82f63cc5\" class=\"wp-block-themeisle-blocks-advanced-heading wp-block-themeisle-blocks-advanced-heading-82f63cc5\"><\/p>\n\n\n\n<h2 id=\"wp-block-themeisle-blocks-advanced-heading-8f1f2647\" class=\"wp-block-themeisle-blocks-advanced-heading wp-block-themeisle-blocks-advanced-heading-8f1f2647\">Impacto<\/h2>\n\n\n\n<p class=\"has-white-color has-text-color\">O projeto STOP-RACISM posiciona-se na frente de um movimento que objetiva trazer mudan\u00e7as significativas e duradouras na sociedade. Atrav\u00e9s da sua abordagem multifacetada, o projeto pretende promover nos jovens valores relacionados com a compreens\u00e3o e aceita\u00e7\u00e3o, garantindo que estes se tornem l\u00edderes num <strong>futuro livre de preconceito<\/strong>. A mistura de t\u00e9cnicas pedag\u00f3gias tradicionais com tecnologias modernas gamificadas promete uma experi\u00eancia de aprendizagem cativante, fazendo a mensagem ressoar. \u00c0 medida que o projeto vai decorrendo e a sua pedagogia permeia a sociedade, ele vai preparando uma funda\u00e7\u00e3o para um mundo onde cada indiv\u00edduo, independente do seu contexto, \u00e9 tratato com <strong>respeito<\/strong> e <strong>dignidade<\/strong>.<\/p>\n<\/div>\n<\/div><\/div>\n\n<h2 id=\"wp-block-themeisle-blocks-advanced-heading-87579868\" class=\"wp-block-themeisle-blocks-advanced-heading wp-block-themeisle-blocks-advanced-heading-87579868\"> <\/h2>\n\n<div class=\"wp-block-columns is-layout-flex wp-container-core-columns-is-layout-28f84493 wp-block-columns-is-layout-flex\">\n<div class=\"wp-block-column is-layout-flow wp-block-column-is-layout-flow\" style=\"flex-basis:100%\">\n<div class=\"wp-block-columns is-layout-flex wp-container-core-columns-is-layout-28f84493 wp-block-columns-is-layout-flex\">\n<div class=\"wp-block-column is-layout-flow wp-block-column-is-layout-flow\" style=\"flex-basis:100%\"><\/div>\n<\/div>\n<\/div>\n<\/div>\n","protected":false},"excerpt":{"rendered":"","protected":false},"author":1,"featured_media":0,"parent":0,"menu_order":0,"comment_status":"closed","ping_status":"closed","template":"","meta":{"_themeisle_gutenberg_block_has_review":false,"footnotes":""},"class_list":["post-568","page","type-page","status-publish","hentry"],"_links":{"self":[{"href":"https:\/\/stop-racism.eu\/pt-pt\/wp-json\/wp\/v2\/pages\/568","targetHints":{"allow":["GET"]}}],"collection":[{"href":"https:\/\/stop-racism.eu\/pt-pt\/wp-json\/wp\/v2\/pages"}],"about":[{"href":"https:\/\/stop-racism.eu\/pt-pt\/wp-json\/wp\/v2\/types\/page"}],"author":[{"embeddable":true,"href":"https:\/\/stop-racism.eu\/pt-pt\/wp-json\/wp\/v2\/users\/1"}],"replies":[{"embeddable":true,"href":"https:\/\/stop-racism.eu\/pt-pt\/wp-json\/wp\/v2\/comments?post=568"}],"version-history":[{"count":4,"href":"https:\/\/stop-racism.eu\/pt-pt\/wp-json\/wp\/v2\/pages\/568\/revisions"}],"predecessor-version":[{"id":996,"href":"https:\/\/stop-racism.eu\/pt-pt\/wp-json\/wp\/v2\/pages\/568\/revisions\/996"}],"wp:attachment":[{"href":"https:\/\/stop-racism.eu\/pt-pt\/wp-json\/wp\/v2\/media?parent=568"}],"curies":[{"name":"wp","href":"https:\/\/api.w.org\/{rel}","templated":true}]}}