{"id":514,"date":"2023-11-17T13:40:31","date_gmt":"2023-11-17T13:40:31","guid":{"rendered":"https:\/\/stop-racism.eu\/pagina-central\/"},"modified":"2024-11-11T14:47:24","modified_gmt":"2024-11-11T14:47:24","slug":"pagina-central","status":"publish","type":"page","link":"https:\/\/stop-racism.eu\/pt-pt\/","title":{"rendered":"P\u00e1gina Central"},"content":{"rendered":"\n<div class=\"wp-block-cover alignfull ticss-d2261b54\"><span aria-hidden=\"true\" class=\"wp-block-cover__background has-background-dim\"><\/span><img loading=\"lazy\" decoding=\"async\" width=\"2231\" height=\"708\" class=\"wp-block-cover__image-background wp-image-47\" alt=\"\" src=\"https:\/\/stop-racism.eu\/wp-content\/uploads\/2023\/10\/stop-racism-adnanroesdi-shutterstock_1746890987-scaled-e1696927867860.gif\" data-object-fit=\"cover\"\/><div class=\"wp-block-cover__inner-container is-layout-flow wp-block-cover-is-layout-flow\">\n<p class=\"has-text-align-center\" style=\"font-size:clamp(31.609px, 1.976rem + ((1vw - 3.2px) * 2.975), 56px);\"><strong>STOP-RACISM<\/strong><\/p>\n\n\n\n<h4 class=\"wp-block-heading has-text-align-center\">UMA JORNADA EM DIRE\u00c7\u00c3O A UMA COMPREENS\u00c3O INTERCULTURAL<\/h4>\n\n\n\n<div style=\"height:27px\" aria-hidden=\"true\" class=\"wp-block-spacer\"><\/div>\n\n\n\n<h4 class=\"wp-block-heading has-text-align-center has-white-color has-text-color has-link-color wp-elements-02017866d13d9a5950321820575d877f\">A Empoderar Jovens para um Futuro <strong>Inclusivo<\/strong><\/h4>\n\n\n\n<div id=\"wp-block-themeisle-blocks-button-group-c2c98fc1\" class=\"wp-block-themeisle-blocks-button-group wp-block-buttons align-center-desktop\">\n<div id=\"wp-block-themeisle-blocks-button-25b642d6\" class=\"wp-block-themeisle-blocks-button wp-block-button\"><a href=\"https:\/\/stop-racism.eu\/pt-pt\/stop-racism\/\" target=\"_self\" rel=\"noopener noreferrer\" class=\"wp-block-button__link\"><span>Aprende Mais<\/span><\/a><\/div>\n<\/div>\n<\/div><\/div>\n\n<div class=\"wp-block-group is-layout-constrained wp-block-group-is-layout-constrained\">\n<div style=\"height:40px\" aria-hidden=\"true\" class=\"wp-block-spacer\"><\/div>\n\n\n\n<h2 class=\"wp-block-heading has-text-align-center\">Materiais do Projeto<\/h2>\n\n\n\n<div class=\"wp-block-group is-vertical is-content-justification-center is-layout-flex wp-container-core-group-is-layout-ce155fab wp-block-group-is-layout-flex\">\n<div class=\"wp-block-group is-layout-constrained wp-block-group-is-layout-constrained\">\n<div class=\"wp-block-columns is-layout-flex wp-container-core-columns-is-layout-28f84493 wp-block-columns-is-layout-flex\">\n<div class=\"wp-block-column is-layout-flow wp-block-column-is-layout-flow\">\n<h3 class=\"wp-block-heading has-text-align-center\"><a href=\"https:\/\/stop-racism.eu\/wp-content\/uploads\/2023\/10\/Greek-Brochure-STOP-RACISM.pdf\" data-type=\"link\" data-id=\"https:\/\/www.canva.com\/design\/DAFrB9mJMTI\/pxZbtd19mI6DpqWrTOjUMg\/view?utm_content=DA[%E2%80%A6]mpaign=designshare&amp;utm_medium=link&amp;utm_source=publishsharelink#1\" target=\"_blank\" rel=\"noreferrer noopener\"><mark style=\"background-color:rgba(0, 0, 0, 0);color:#fe1e56\" class=\"has-inline-color\">Brochura<\/mark><\/a><\/h3>\n<\/div>\n<\/div>\n\n\n\n<div class=\"wp-block-columns is-layout-flex wp-container-core-columns-is-layout-28f84493 wp-block-columns-is-layout-flex\">\n<div class=\"wp-block-column is-layout-flow wp-block-column-is-layout-flow\">\n<h3 class=\"wp-block-heading has-text-align-center\"><a href=\"https:\/\/stop-racism.eu\/wp-content\/uploads\/2023\/11\/Poster-STOP-RACISM-project.pdf\" target=\"_blank\" rel=\"noreferrer noopener\">P\u00f3ster<\/a><\/h3>\n<\/div>\n<\/div>\n\n\n\n<div class=\"wp-block-columns is-layout-flex wp-container-core-columns-is-layout-28f84493 wp-block-columns-is-layout-flex\">\n<div class=\"wp-block-column is-layout-flow wp-block-column-is-layout-flow\">\n<h3 class=\"wp-block-heading has-text-align-center\"><a href=\"https:\/\/stop-racism.eu\/wp-content\/uploads\/2023\/10\/Greek-1st-Newsletter-STOP-RACISM.pdf\" target=\"_blank\" rel=\"noreferrer noopener\"><mark style=\"background-color:rgba(0, 0, 0, 0);color:#8c52fe\" class=\"has-inline-color\">Newsletter<\/mark><\/a><\/h3>\n<\/div>\n<\/div>\n<\/div>\n<\/div>\n<\/div>\n\n<h4 class=\"wp-block-heading has-text-align-center\" style=\"padding-top:var(--wp--preset--spacing--30);padding-bottom:var(--wp--preset--spacing--30)\"><a href=\"https:\/\/stop-racism.eu\/wp-content\/uploads\/2023\/11\/Poster-STOP-RACISM-project.pdf\" target=\"_blank\" rel=\"noreferrer noopener\"><mark style=\"background-color:rgba(0, 0, 0, 0)\" class=\"has-inline-color has-ti-accent-color\">Quadro de compet\u00eancias<\/mark><\/a><\/h4>\n\n<div style=\"height:100px\" aria-hidden=\"true\" class=\"wp-block-spacer\"><\/div>\n","protected":false},"excerpt":{"rendered":"<p>Materiais do Projeto Brochura P\u00f3ster Newsletter Quadro de compet\u00eancias<\/p>\n","protected":false},"author":1,"featured_media":0,"parent":0,"menu_order":0,"comment_status":"closed","ping_status":"closed","template":"","meta":{"_themeisle_gutenberg_block_has_review":false,"footnotes":""},"class_list":["post-514","page","type-page","status-publish","hentry"],"_links":{"self":[{"href":"https:\/\/stop-racism.eu\/pt-pt\/wp-json\/wp\/v2\/pages\/514","targetHints":{"allow":["GET"]}}],"collection":[{"href":"https:\/\/stop-racism.eu\/pt-pt\/wp-json\/wp\/v2\/pages"}],"about":[{"href":"https:\/\/stop-racism.eu\/pt-pt\/wp-json\/wp\/v2\/types\/page"}],"author":[{"embeddable":true,"href":"https:\/\/stop-racism.eu\/pt-pt\/wp-json\/wp\/v2\/users\/1"}],"replies":[{"embeddable":true,"href":"https:\/\/stop-racism.eu\/pt-pt\/wp-json\/wp\/v2\/comments?post=514"}],"version-history":[{"count":5,"href":"https:\/\/stop-racism.eu\/pt-pt\/wp-json\/wp\/v2\/pages\/514\/revisions"}],"predecessor-version":[{"id":987,"href":"https:\/\/stop-racism.eu\/pt-pt\/wp-json\/wp\/v2\/pages\/514\/revisions\/987"}],"wp:attachment":[{"href":"https:\/\/stop-racism.eu\/pt-pt\/wp-json\/wp\/v2\/media?parent=514"}],"curies":[{"name":"wp","href":"https:\/\/api.w.org\/{rel}","templated":true}]}}