{"id":455,"date":"2023-10-09T08:52:03","date_gmt":"2023-10-09T08:52:03","guid":{"rendered":"https:\/\/stop-racism.eu\/resultados\/"},"modified":"2025-05-28T08:54:19","modified_gmt":"2025-05-28T08:54:19","slug":"resultados","status":"publish","type":"page","link":"https:\/\/stop-racism.eu\/pt-pt\/resultados\/","title":{"rendered":"Resultados"},"content":{"rendered":"\n<div class=\"wp-block-columns alignwide is-layout-flex wp-container-core-columns-is-layout-d2da2050 wp-block-columns-is-layout-flex\" style=\"margin-bottom:0\">\n<div class=\"wp-block-column has-black-background-color has-text-color has-background has-link-color wp-elements-8b53246ab83add5e5946d300a4988d03 is-layout-flow wp-block-column-is-layout-flow\" style=\"color:#000000;padding-top:2em;padding-right:2em;padding-bottom:2em;padding-left:2em\">\n<h2 class=\"wp-block-heading has-ti-bg-color has-text-color\" id=\"patron\" style=\"font-size:clamp(24.034px, 1.502rem + ((1vw - 3.2px) * 1.947), 40px);\"><strong><strong>1\u00ba Resultado <\/strong><\/strong><\/h2>\n\n\n\n<p class=\"has-ti-bg-color has-text-color has-normal-font-size\"><strong><strong><strong><strong>Gest\u00e3o de Projeto<\/strong><\/strong><\/strong><\/strong><\/p>\n\n\n\n<hr class=\"wp-block-separator has-text-color has-white-color has-alpha-channel-opacity has-white-background-color has-background is-style-wide\"\/>\n\n\n\n<div class=\"wp-block-buttons alignfull is-horizontal is-content-justification-center is-layout-flex wp-container-core-buttons-is-layout-03627597 wp-block-buttons-is-layout-flex\"><\/div>\n\n\n\n<p class=\"has-ti-bg-color has-text-color\">Este resultado consiste na monitoriza\u00e7\u00e3o do progresso, qualidade e sucesso dos recursos desenvolvidos e impacto do nosso projeto. SOSU \u00e9 o parceiro respons\u00e1vel pela implementa\u00e7\u00e3o deste resultado.<\/p>\n\n\n\n<p><\/p>\n<\/div>\n<\/div>\n\n\n\n<div class=\"wp-block-columns alignwide is-layout-flex wp-container-core-columns-is-layout-d2da2050 wp-block-columns-is-layout-flex\" style=\"margin-bottom:0\">\n<div class=\"wp-block-column has-text-color has-background has-link-color wp-elements-5557825492b6dfda3d233919d72fb7fb is-layout-flow wp-block-column-is-layout-flow\" style=\"color:#000000;background-color:#fe1e56;padding-top:2em;padding-right:2em;padding-bottom:2em;padding-left:2em\">\n<h2 class=\"wp-block-heading has-ti-bg-color has-text-color\" id=\"family\" style=\"font-size:clamp(24.034px, 1.502rem + ((1vw - 3.2px) * 1.947), 40px);\"><strong>2\u00ba Resultado <\/strong><\/h2>\n\n\n\n<p class=\"has-ti-bg-color has-text-color has-normal-font-size\" style=\"line-height:1.5\"><strong><strong>Estado de arte sobre a literacia intercultural e quadro de compet\u00eancias interculturais<\/strong><\/strong><\/p>\n\n\n\n<hr class=\"wp-block-separator has-text-color has-white-color has-alpha-channel-opacity has-white-background-color has-background is-style-wide\"\/>\n\n\n\n<div class=\"wp-block-buttons alignfull is-horizontal is-content-justification-center is-layout-flex wp-container-core-buttons-is-layout-03627597 wp-block-buttons-is-layout-flex\"><\/div>\n\n\n\n<p class=\"has-ti-bg-color has-text-color\">Neste resultado, o principal objetivo consiste no aprofundamento do conhecimento sobre a literacia intercultural, com enfoque especial em conceitos relacionados, tais como o termo n\u00e3o-discrimina\u00e7\u00e3o e respeito pela diversidade. A investiga\u00e7\u00e3o ir\u00e1 definir os termos essenciais, analisar artigos cient\u00edficos para compreender o racismo na Europa e desenvolver contra-medidas. Enf\u00e2se ser\u00e1 dado no apoio a jovens de minorias v\u00edtimas de racismo. A informa\u00e7\u00e3o obtida servir\u00e1 para apoiar a cria\u00e7\u00e3o de um curr\u00edculo de forma\u00e7\u00e3o e desenhar um quadro de compet\u00eancias promotoras de um comportamento antirracista. Os resultados de investiga\u00e7\u00e3o e o quadro de compet\u00eancias ir\u00e1 ser poss\u00edvel ser acedido, p\u00fablicamente, no website do projeto STOP-RACISM. O objetivo geral \u00e9 informar, treinar e equipar jovens contra o racismo e discrimina\u00e7\u00e3o.<\/p>\n\n\n\n<ul class=\"wp-block-list has-white-color has-text-color has-link-color wp-elements-eb769eef9379d4e7ce4dfce89fd160f4\">\n<li style=\"text-decoration:underline\"><strong><a href=\"https:\/\/stop-racism.eu\/wp-content\/uploads\/2024\/06\/Final_Competences_Framework_Portuguese.pdf\" target=\"_blank\" rel=\"noreferrer noopener\">Quadro de compet\u00eancias<\/a><\/strong><\/li>\n\n\n\n<li style=\"text-decoration:underline\"><strong><a href=\"https:\/\/stop-racism.eu\/wp-content\/uploads\/2024\/10\/STOP-RACISM-National_Reports_Portuguese.docx\" data-type=\"attachment\" data-id=\"911\">Relat\u00f3rio Transnacional<\/a><\/strong><\/li>\n<\/ul>\n<\/div>\n\n\n\n<div class=\"wp-block-column has-text-color has-background has-link-color wp-elements-abf9e1174d5682ad0335688fa824207a is-layout-flow wp-block-column-is-layout-flow\" style=\"color:#000000;background-color:#8c52fe;padding-top:2em;padding-right:2em;padding-bottom:2em;padding-left:2em\">\n<h2 class=\"wp-block-heading has-ti-bg-color has-text-color\" id=\"patron\" style=\"font-size:clamp(24.034px, 1.502rem + ((1vw - 3.2px) * 1.947), 40px);\"><strong>3\u00ba Resultado <\/strong><\/h2>\n\n\n\n<p class=\"has-ti-bg-color has-text-color has-normal-font-size\"><strong><strong>Planeamento e Curr\u00edculo de Forma\u00e7\u00e3o de Literacia Intercultural<\/strong><\/strong><\/p>\n\n\n\n<hr class=\"wp-block-separator has-text-color has-white-color has-alpha-channel-opacity has-white-background-color has-background is-style-wide\"\/>\n\n\n\n<div class=\"wp-block-buttons alignfull is-horizontal is-content-justification-center is-layout-flex wp-container-core-buttons-is-layout-03627597 wp-block-buttons-is-layout-flex\"><\/div>\n\n\n\n<p class=\"has-ti-bg-color has-text-color\">Este resultado foca-se na cria\u00e7\u00e3o de um curr\u00edculo de forma\u00e7\u00e3o sobre a literacia intercultural direcionado para jovens, com base nos recursos desenvolvidos no 2\u00ba resultado. O curr\u00edculo ir\u00e1, posteriormente, dar forma aos workshops e plataforma e-Learning STOP-RACISM, no pr\u00f3ximo resultado. O curr\u00edculo ir\u00e1 cobrir t\u00f3picos relacionados com o racismo, discrimina\u00e7\u00e3o n\u00e3o-intencionada e conduta anti-racista, entre outros. A abordagem educacional ir\u00e1 complementar a aprendizagem cara-a-cara, com gamifica\u00e7\u00e3o e recursos online. Assim que desenvolvidos, todos os materiais v\u00e3o estar dispon\u00edveis em todas as linguagens dos parceiros para uma aplica\u00e7\u00e3o mais globalizada. A estrutura do treino ir\u00e1 assegurar flexibilidade, inclus\u00e3o e m\u00e9todos inovadores. Ap\u00f3s o seu desenvolvimento, uma pilotagem ser\u00e1 dinamizada em todos os pa\u00edses parceiros, envolvendo, pelo menos, 30 jovens por pa\u00eds, com tutores a assistir todo o processo.<\/p>\n\n\n\n<ul class=\"wp-block-list has-white-color has-text-color has-link-color wp-elements-ff71e99312be88d0dcfd9a65a3c866b5\">\n<li style=\"text-decoration:underline\"><strong><a href=\"https:\/\/elearning.stop-racism.eu\/pt-pt\/courses\/\" target=\"_blank\" rel=\"noreferrer noopener\">Curr\u00edculo Educacional<\/a><\/strong><\/li>\n<\/ul>\n<\/div>\n<\/div>\n\n\n\n<div class=\"wp-block-columns alignwide is-layout-flex wp-container-core-columns-is-layout-d2da2050 wp-block-columns-is-layout-flex\" style=\"margin-bottom:0\">\n<div class=\"wp-block-column has-ti-bg-inv-background-color has-text-color has-background has-link-color wp-elements-43a29493300c92c7796bebe5b22c7ba0 is-layout-flow wp-block-column-is-layout-flow\" style=\"color:#000000;padding-top:2em;padding-right:2em;padding-bottom:2em;padding-left:2em\">\n<h2 class=\"wp-block-heading has-ti-bg-color has-text-color\" id=\"single\" style=\"font-size:clamp(24.034px, 1.502rem + ((1vw - 3.2px) * 1.947), 40px);\"><strong>4\u00ba Resultado<\/strong><\/h2>\n\n\n\n<p class=\"has-ti-bg-color has-text-color has-normal-font-size\" style=\"line-height:1.5\"><strong> Workshops STOP-RACISM usando jogos s\u00e9rios e uma plataforma e-Learning<\/strong><\/p>\n\n\n\n<hr class=\"wp-block-separator has-text-color has-white-color has-alpha-channel-opacity has-white-background-color has-background is-style-wide\"\/>\n\n\n\n<div class=\"wp-block-buttons alignfull is-horizontal is-content-justification-center is-layout-flex wp-container-core-buttons-is-layout-03627597 wp-block-buttons-is-layout-flex\"><\/div>\n\n\n\n<p class=\"has-ti-bg-color has-text-color\">Para refor\u00e7ar elementos do projeto, como a sustentatibilidade e acessibilidade, os parceiros ir\u00e3o criar workshops interativos utilizando jogos s\u00e9rios e uma plataforma e-Learning estimulante. O 4\u00ba Resultado objetiva:<\/p>\n\n\n\n<ul class=\"wp-block-list has-ti-bg-color has-text-color\">\n<li>Salientar as capacidades socio-cognitivas, desenvolvimento moral e compreens\u00e3o para problemas sociais.<\/li>\n\n\n\n<li>Oferecer materiais de aprendizagem compreens\u00edveis que explorem as din\u00e2micas do racismo e a promo\u00e7\u00e3o da sua erradica\u00e7\u00e3o.<\/li>\n\n\n\n<li>Destacar a posi\u00e7\u00e3o proativa necess\u00e1ria para o movimento antirracismo, enfatizando a sua import\u00e2ncia dentro do contexto educacional e familiar.<\/li>\n\n\n\n<li>Encorajar o desenvolvimento de capacidades cr\u00edticas, \u00e9ticas e sociais dos jovens.<\/li>\n\n\n\n<li>Construir uma comunidade internacional online para promover uma uni\u00e3o e identidade Europeia.<\/li>\n<\/ul>\n\n\n\n<p class=\"has-ti-bg-color has-text-color\">Jogos s\u00e9rios, desenhados para a aprendizagem, centram-se em qualidades motivacionais de jogos digitais. A sua interatividade e qualidades imersivas ir\u00e3o fornecer li\u00e7\u00f5es de vida vitais, objetivando promover attitudes antirracistas e promover a equidade. O projeto enfatiza a preven\u00e7\u00e3o ativa do racismo, reconhecendo a discrimina\u00e7\u00e3o n\u00e3o-intencional, sensibilizando para os perigos do racismo, defendendo atitudes contra o racismo e apoiando as v\u00edtimas de racismo.<\/p>\n\n\n\n<ul class=\"wp-block-list\">\n<li class=\"has-ti-bg-color has-text-color has-link-color wp-elements-88c4eea01aea9bbf150594f7bc3beeda\" style=\"text-decoration:underline\"><strong><a href=\"https:\/\/elearning.stop-racism.eu\/pt-pt\/\" target=\"_blank\" rel=\"noreferrer noopener\">Plataforma de e-Learning<\/a><\/strong><\/li>\n\n\n\n<li class=\"has-ti-bg-color has-text-color has-link-color wp-elements-e8f8b62fe0b20d939988f12dd40a938b\" style=\"text-decoration:underline\"><strong><a href=\"https:\/\/quiz.stop-racism.eu\" target=\"_blank\" rel=\"noreferrer noopener\">Jogo educativo<\/a><\/strong><\/li>\n<\/ul>\n<\/div>\n\n\n\n<div class=\"wp-block-column has-text-color has-background has-link-color wp-elements-019a5bc80e218579f30ed2badb58798c is-layout-flow wp-block-column-is-layout-flow\" style=\"color:#000000;background-color:#fe1e56;padding-top:2em;padding-right:2em;padding-bottom:2em;padding-left:2em\">\n<h2 class=\"wp-block-heading has-ti-bg-color has-text-color\" id=\"family\" style=\"font-size:clamp(24.034px, 1.502rem + ((1vw - 3.2px) * 1.947), 40px);\"><strong>5\u00ba Resultado<\/strong><\/h2>\n\n\n\n<p class=\"has-ti-bg-color has-text-color has-normal-font-size\" style=\"line-height:1.5\"><strong>Kit de Ferramentas para educatores de jovens e recomenda\u00e7\u00f5es pol\u00edticas<\/strong><\/p>\n\n\n\n<hr class=\"wp-block-separator has-text-color has-white-color has-alpha-channel-opacity has-white-background-color has-background is-style-wide\"\/>\n\n\n\n<p class=\"has-ti-bg-color has-text-color\">O Kit de Ferramentas pretende equipar educadores de jovens e stakeholders-chave com ferramentas e guias que promovam o pensamento cr\u00edtico e sensibiliza\u00e7\u00e3o para o racismo. As caracter\u00edsticas-chave incluem:<\/p>\n\n\n\n<ul class=\"wp-block-list has-ti-bg-color has-text-color has-normal-font-size\">\n<li>Um guia no uso da gamifica\u00e7\u00e3o para uma educa\u00e7\u00e3o baseada em princ\u00edpios antiracistas.<\/li>\n\n\n\n<li>T\u00e9cnicas motivacionais e conhecimento essencial para os aprendizes.<\/li>\n\n\n\n<li>Formas prontas-a-usar e modelos para uma aplica\u00e7\u00e3o mais ampla.<\/li>\n\n\n\n<li>Recomenda\u00e7\u00f5es pol\u00edticas para apoiar os objetivos do projeto e assegurar a transferibilidade dos seus recursos.<\/li>\n\n\n\n<li>Recursos amig\u00e1veis para as salas de aula para nutrir o pensamento cr\u00edtico e uma instru\u00e7\u00e3o efetiva antirracista.<\/li>\n<\/ul>\n\n\n\n<div class=\"wp-block-buttons alignfull is-horizontal is-content-justification-center is-layout-flex wp-container-core-buttons-is-layout-03627597 wp-block-buttons-is-layout-flex\"><\/div>\n\n\n\n<p class=\"has-ti-bg-color has-text-color\">Um modelo breve pol\u00edtico ir\u00e1 ser criado como parte do 5\u00ba Resultado, assistindo na elabora\u00e7\u00e3o de resumos para v\u00e1rias audi\u00eancias, desde stakeholders locais para stakeholders Europeus. O Kit de Ferramentas promove a aplica\u00e7\u00e3o pr\u00e1tica do STOP-RACISM e oference recursos adicionais para promover um senso de uni\u00e3o Europeia. Todos os resultados ir\u00e3o ser aced\u00eddos online, com campanhas de sensibiliza\u00e7\u00e3o a enfatizar a sua aplica\u00e7\u00e3o generalizada. Adicionalmente, eventos multiplicadores ir\u00e3o disseminar os resultados do projeto, procurando o feedback dos seus pariticipantes para melhorar os recursos at\u00e9 ent\u00e3o desenvolvidos<\/p>\n\n\n\n<ul class=\"wp-block-list\">\n<li class=\"has-ti-bg-color has-text-color has-link-color wp-elements-8d43e949825fab91b9d8412d4ac92c47\" style=\"text-decoration:underline\"><strong><a href=\"https:\/\/stop-racism.eu\/wp-content\/uploads\/2025\/04\/STOP-RACISM-Toolkit.pdf\" target=\"_blank\" rel=\"noreferrer noopener\">Kit de ferramentas<\/a><\/strong><\/li>\n<\/ul>\n<\/div>\n<\/div>\n","protected":false},"excerpt":{"rendered":"<p>1\u00ba Resultado Gest\u00e3o de Projeto Este resultado consiste na monitoriza\u00e7\u00e3o do progresso, qualidade e sucesso dos recursos desenvolvidos e impacto do nosso projeto. SOSU \u00e9 o parceiro respons\u00e1vel pela implementa\u00e7\u00e3o deste resultado. 2\u00ba Resultado Estado de arte sobre a literacia intercultural e quadro de compet\u00eancias interculturais Neste resultado, o principal objetivo consiste no aprofundamento do [&hellip;]<\/p>\n","protected":false},"author":1,"featured_media":0,"parent":0,"menu_order":0,"comment_status":"closed","ping_status":"closed","template":"","meta":{"_themeisle_gutenberg_block_has_review":false,"footnotes":""},"class_list":["post-455","page","type-page","status-publish","hentry"],"_links":{"self":[{"href":"https:\/\/stop-racism.eu\/pt-pt\/wp-json\/wp\/v2\/pages\/455","targetHints":{"allow":["GET"]}}],"collection":[{"href":"https:\/\/stop-racism.eu\/pt-pt\/wp-json\/wp\/v2\/pages"}],"about":[{"href":"https:\/\/stop-racism.eu\/pt-pt\/wp-json\/wp\/v2\/types\/page"}],"author":[{"embeddable":true,"href":"https:\/\/stop-racism.eu\/pt-pt\/wp-json\/wp\/v2\/users\/1"}],"replies":[{"embeddable":true,"href":"https:\/\/stop-racism.eu\/pt-pt\/wp-json\/wp\/v2\/comments?post=455"}],"version-history":[{"count":8,"href":"https:\/\/stop-racism.eu\/pt-pt\/wp-json\/wp\/v2\/pages\/455\/revisions"}],"predecessor-version":[{"id":1168,"href":"https:\/\/stop-racism.eu\/pt-pt\/wp-json\/wp\/v2\/pages\/455\/revisions\/1168"}],"wp:attachment":[{"href":"https:\/\/stop-racism.eu\/pt-pt\/wp-json\/wp\/v2\/media?parent=455"}],"curies":[{"name":"wp","href":"https:\/\/api.w.org\/{rel}","templated":true}]}}