{"id":453,"date":"2023-10-09T08:52:16","date_gmt":"2023-10-09T08:52:16","guid":{"rendered":"https:\/\/stop-racism.eu\/parceiros\/"},"modified":"2025-04-02T14:00:29","modified_gmt":"2025-04-02T14:00:29","slug":"parceiros","status":"publish","type":"page","link":"https:\/\/stop-racism.eu\/pt-pt\/parceiros\/","title":{"rendered":"Parceiros"},"content":{"rendered":"\n<h4 class=\"wp-block-heading has-text-align-center\">SOSU \u00d8stjylland \ud83c\udde9\ud83c\uddf0<\/h4>\n\n\n\n<div class=\"wp-block-columns is-layout-flex wp-container-core-columns-is-layout-28f84493 wp-block-columns-is-layout-flex\">\n<div class=\"wp-block-column is-layout-flow wp-block-column-is-layout-flow\" style=\"flex-basis:33.33%\">\n<figure class=\"wp-block-image aligncenter size-full is-resized\"><a href=\"https:\/\/www.sosuoj.dk\/\" target=\"_blank\" rel=\"noreferrer noopener\"><img decoding=\"async\" src=\"https:\/\/stop-racism.eu\/wp-content\/uploads\/2023\/10\/sosu.svg\" alt=\"\" class=\"wp-image-30\" style=\"width:213px;height:71px\"\/><\/a><\/figure>\n<\/div>\n\n\n\n<div class=\"wp-block-column is-layout-flow wp-block-column-is-layout-flow\" style=\"flex-basis:66.66%\">\n<p>SOSU \u00d8stjylland \u00e9 uma das principais universidades de sa\u00fade e sociais na Dinamarca. Eles oferecem um espetro de programas educacionais desenhados para os setores sociais e de sa\u00fade, bem como para os cuidados da crian\u00e7a. Esta institui\u00e7\u00e3o enfatiza as abordagens pedag\u00f3gicas inovadas e tem uma rela\u00e7\u00e3o pr\u00f3xima com os trabalhadores na \u00e1rea. Com uma hist\u00f3ria rica que dura h\u00e1 mais de duas d\u00e9cidas, eles t\u00eam estado na vanguarda na capacita\u00e7\u00e3o de trabalhadores na \u00e1rea da sa\u00fade e na valida\u00e7\u00e3o da aprendizagem anterior. SOSU tamb\u00e9m participa ativamente em projetos nacionais e internacionais, direcionados para os problemas sociais, inclusive relacionados com o isolamento e o controlo social negativo entre os jovens.<\/p>\n\n\n\n<p>Os SOSU s\u00e3o os coordenadores do projeto, sendo respons\u00e1veis pela gest\u00e3o do projeto e numerosas atividades.<\/p>\n<\/div>\n<\/div>\n\n\n\n<div style=\"height:65px\" aria-hidden=\"true\" class=\"wp-block-spacer\"><\/div>\n\n\n\n<h4 class=\"wp-block-heading has-text-align-center\">Innovation Hive \ud83c\uddec\ud83c\uddf7<\/h4>\n\n\n\n<div class=\"wp-block-columns is-layout-flex wp-container-core-columns-is-layout-28f84493 wp-block-columns-is-layout-flex\">\n<div class=\"wp-block-column is-layout-flow wp-block-column-is-layout-flow\" style=\"flex-basis:33.33%\">\n<figure class=\"wp-block-image aligncenter size-large is-resized\"><a href=\"https:\/\/innovationhive.eu\/\" target=\"_blank\" rel=\"noreferrer noopener\"><img loading=\"lazy\" decoding=\"async\" width=\"1024\" height=\"1024\" src=\"https:\/\/stop-racism.eu\/wp-content\/uploads\/2023\/10\/Innovation-hiveLogo-color-1024x1024.png\" alt=\"\" class=\"wp-image-31\" style=\"width:152px;height:152px\" srcset=\"https:\/\/stop-racism.eu\/wp-content\/uploads\/2023\/10\/Innovation-hiveLogo-color-1024x1024.png 1024w, https:\/\/stop-racism.eu\/wp-content\/uploads\/2023\/10\/Innovation-hiveLogo-color-300x300.png 300w, https:\/\/stop-racism.eu\/wp-content\/uploads\/2023\/10\/Innovation-hiveLogo-color-150x150.png 150w, https:\/\/stop-racism.eu\/wp-content\/uploads\/2023\/10\/Innovation-hiveLogo-color-768x768.png 768w, https:\/\/stop-racism.eu\/wp-content\/uploads\/2023\/10\/Innovation-hiveLogo-color-1536x1536.png 1536w, https:\/\/stop-racism.eu\/wp-content\/uploads\/2023\/10\/Innovation-hiveLogo-color.png 1920w\" sizes=\"auto, (max-width: 1024px) 100vw, 1024px\" \/><\/a><\/figure>\n<\/div>\n\n\n\n<div class=\"wp-block-column is-layout-flow wp-block-column-is-layout-flow\" style=\"flex-basis:66.66%\">\n<p>Localizados em Larissa, na Gr\u00e9cia, a Innovation Hive \u00e9 uma organiza\u00e7\u00e3o sem fins lucrativos focada em advocar pela inova\u00e7\u00e3o aberta em v\u00e1rios dom\u00ednios. A miss\u00e3o principal \u00e9 estabelecer uma ponte entre os jovens e a sociedade atrav\u00e9s do desenvolvimento de novos m\u00e9todos e da facilita\u00e7\u00e3o do seu envolvimento. Eles oferecem uma multitude de servi\u00e7os, como capacita\u00e7\u00e3o de jovens, sess\u00f5es de consultoria, e investiga\u00e7\u00e3o direcionada a pol\u00edticas centradas na juventude. A experi\u00eancia extensa da organiza\u00e7\u00e3o cobre \u00e1reas como a inova\u00e7\u00e3o de neg\u00f3cios, o empreendorismo jovem, inclus\u00e3o social, desenvolvimento sustent\u00e1vel, entre outros.<\/p>\n\n\n\n<p>A Innovation Hive lidera o desenvolvimento do curr\u00edculo de treino e seu material.<\/p>\n<\/div>\n<\/div>\n\n\n\n<div style=\"height:65px\" aria-hidden=\"true\" class=\"wp-block-spacer\"><\/div>\n\n\n\n<h4 class=\"wp-block-heading has-text-align-center\">Innovation Bee \ud83c\uddec\ud83c\uddf7<\/h4>\n\n\n\n<div class=\"wp-block-columns is-layout-flex wp-container-core-columns-is-layout-28f84493 wp-block-columns-is-layout-flex\">\n<div class=\"wp-block-column is-layout-flow wp-block-column-is-layout-flow\" style=\"flex-basis:33.33%\">\n<figure class=\"wp-block-image aligncenter size-large\"><a href=\"https:\/\/innovationbee.gr\/\" target=\"_blank\" rel=\"noreferrer noopener\"><img loading=\"lazy\" decoding=\"async\" width=\"1024\" height=\"361\" src=\"https:\/\/stop-racism.eu\/wp-content\/uploads\/2023\/10\/logo-innovation-bee-final-1-1024x361.png\" alt=\"\" class=\"wp-image-32\" srcset=\"https:\/\/stop-racism.eu\/wp-content\/uploads\/2023\/10\/logo-innovation-bee-final-1-1024x361.png 1024w, https:\/\/stop-racism.eu\/wp-content\/uploads\/2023\/10\/logo-innovation-bee-final-1-300x106.png 300w, https:\/\/stop-racism.eu\/wp-content\/uploads\/2023\/10\/logo-innovation-bee-final-1-768x271.png 768w, https:\/\/stop-racism.eu\/wp-content\/uploads\/2023\/10\/logo-innovation-bee-final-1-1536x542.png 1536w, https:\/\/stop-racism.eu\/wp-content\/uploads\/2023\/10\/logo-innovation-bee-final-1-2048x722.png 2048w\" sizes=\"auto, (max-width: 1024px) 100vw, 1024px\" \/><\/a><\/figure>\n<\/div>\n\n\n\n<div class=\"wp-block-column is-layout-flow wp-block-column-is-layout-flow\" style=\"flex-basis:66.66%\">\n<p>Innovation Bee, uma empresa de tecnologia B2B localizada na Gr\u00e9cia, especializa-se na oferta de servi\u00e7os de investiga\u00e7\u00e3o IT de ponta e solu\u00e7\u00f5es integradas. A sua miss\u00e3o revolve em torno do design de web e de aplica\u00e7\u00f5es para telem\u00f3vel, de modo a apoiar os neg\u00f3cios na navega\u00e7\u00e3o dos desafios da digitaliza\u00e7\u00e3o. As suas principais \u00e1reas de especializa\u00e7\u00e3o, incluem tecnologia blockchain, intelig\u00eancia artificial e outras solu\u00e7\u00f5es dirigidas para a inova\u00e7\u00e3o, garantindo que os neg\u00f3cios se mantenham competitivos e relevantes no mercado moderno.<\/p>\n\n\n\n<p>Innovation Bee arquitetura as ferramentas digitais do projeto, inclusive o website, plataforma e-learning e o jogo.<\/p>\n<\/div>\n<\/div>\n\n\n\n<div style=\"height:65px\" aria-hidden=\"true\" class=\"wp-block-spacer\"><\/div>\n\n\n\n<h4 class=\"wp-block-heading has-text-align-center\">Citizens In Power \ud83c\udde8\ud83c\uddfe<\/h4>\n\n\n\n<div class=\"wp-block-columns is-layout-flex wp-container-core-columns-is-layout-28f84493 wp-block-columns-is-layout-flex\">\n<div class=\"wp-block-column is-layout-flow wp-block-column-is-layout-flow\" style=\"flex-basis:33.33%\">\n<figure class=\"wp-block-image aligncenter size-large\"><a href=\"https:\/\/citizensinpower.org\/\" target=\"_blank\" rel=\"noreferrer noopener\"><img loading=\"lazy\" decoding=\"async\" width=\"1024\" height=\"390\" src=\"https:\/\/stop-racism.eu\/wp-content\/uploads\/2023\/10\/cip-logo-01-copy-1-1024x390.png\" alt=\"\" class=\"wp-image-63\" srcset=\"https:\/\/stop-racism.eu\/wp-content\/uploads\/2023\/10\/cip-logo-01-copy-1-1024x390.png 1024w, https:\/\/stop-racism.eu\/wp-content\/uploads\/2023\/10\/cip-logo-01-copy-1-300x114.png 300w, https:\/\/stop-racism.eu\/wp-content\/uploads\/2023\/10\/cip-logo-01-copy-1-768x293.png 768w, https:\/\/stop-racism.eu\/wp-content\/uploads\/2023\/10\/cip-logo-01-copy-1-1536x585.png 1536w, https:\/\/stop-racism.eu\/wp-content\/uploads\/2023\/10\/cip-logo-01-copy-1-2048x780.png 2048w\" sizes=\"auto, (max-width: 1024px) 100vw, 1024px\" \/><\/a><\/figure>\n<\/div>\n\n\n\n<div class=\"wp-block-column is-layout-flow wp-block-column-is-layout-flow\" style=\"flex-basis:66.66%\">\n<p>C.I.P. \u00e9 uma organiza\u00e7\u00e3o sem fins lucrativos no Chipre, comprometida para com a educa\u00e7\u00e3o global, inova\u00e7\u00e3o social e crescimento sutent\u00e1vel. A sua abordagem interdisciplinar trabalha os desafios sociais, educationais e ambientais alavancando a teconologia e resultados de investiga\u00e7\u00e3o. Trabalhando lado a lado com universidades e organiza\u00e7\u00f5es n\u00e3o governamentais not\u00e1veis, C.I.P. organiza projetos em v\u00e1rios departamentos como o empreendorismo, inova\u00e7\u00e3o social e educa\u00e7\u00e3o STEM. A sua dedica\u00e7\u00e3o para a transforma\u00e7\u00e3o comunit\u00e1ria \u00e9 evidente nos seus esfor\u00e7os incans\u00e1veis em fornecer aos cidad\u00e3os ferramentas inovadoras e solu\u00e7\u00f5es compreensivas.<\/p>\n\n\n\n<p>C.I.P. tem a responsabilidade de coordenar a investiga\u00e7\u00e3o e o Quadro de Compet\u00eancias.<\/p>\n<\/div>\n<\/div>\n\n\n\n<div style=\"height:65px\" aria-hidden=\"true\" class=\"wp-block-spacer\"><\/div>\n\n\n\n<h4 class=\"wp-block-heading has-text-align-center\">Pnevma LLC \ud83c\udde7\ud83c\uddec<\/h4>\n\n\n\n<div class=\"wp-block-columns is-layout-flex wp-container-core-columns-is-layout-28f84493 wp-block-columns-is-layout-flex\">\n<div class=\"wp-block-column is-layout-flow wp-block-column-is-layout-flow\" style=\"flex-basis:33.33%\">\n<figure class=\"wp-block-image size-full\"><img loading=\"lazy\" decoding=\"async\" width=\"212\" height=\"100\" src=\"https:\/\/stop-racism.eu\/wp-content\/uploads\/2025\/04\/PNEVMA-LLC.webp\" alt=\"\" class=\"wp-image-1118\"\/><\/figure>\n<\/div>\n\n\n\n<div class=\"wp-block-column is-layout-flow wp-block-column-is-layout-flow\" style=\"flex-basis:66.66%\">\n<p>Localizados na Sofia, em Bulg\u00e1ria, os PNEVMA LLC \u00e9 uma organiza\u00e7\u00e3o educacional e de investiga\u00e7\u00e3o que se foca no treino, educa\u00e7\u00e3o e I&amp;D. A sua equipa diversa compreende investigadores, acad\u00e9micos e praticades dedicados na promo\u00e7\u00e3o da inova\u00e7\u00e3o social em v\u00e1rias escalas. A vis\u00e3o dos PNEVMA concentra-se em se tornarem uma refer\u00eancia global na investiga\u00e7\u00e3o e educa\u00e7\u00e3o, objetivando a introdu\u00e7\u00e3o de novas metodologias pedag\u00f3gicas e contribuir positivamente para as necessidades da sociedade. Os seus objetivos s\u00e3o vastos, desde a promo\u00e7\u00e3o de investiga\u00e7\u00e3o de ponta \u00e0 advocacia pela inclus\u00e3o e empoderamento de v\u00e1rios grupos na nossa sociedade.<\/p>\n\n\n\n<p>Os PNEVMA s\u00e3o respons\u00e1veis pelos relat\u00f3rios nacionais e conte\u00fado do jogo.<\/p>\n<\/div>\n<\/div>\n\n\n\n<div style=\"height:65px\" aria-hidden=\"true\" class=\"wp-block-spacer\"><\/div>\n\n\n\n<h4 class=\"wp-block-heading has-text-align-center\">RightChallenge \ud83c\uddf5\ud83c\uddf9<\/h4>\n\n\n\n<div class=\"wp-block-columns is-layout-flex wp-container-core-columns-is-layout-28f84493 wp-block-columns-is-layout-flex\">\n<div class=\"wp-block-column is-layout-flow wp-block-column-is-layout-flow\" style=\"flex-basis:33.33%\">\n<figure class=\"wp-block-image aligncenter size-full\"><a href=\"https:\/\/rightchallenge.org\/en\/\" target=\"_blank\" rel=\"noreferrer noopener\"><img loading=\"lazy\" decoding=\"async\" width=\"502\" height=\"168\" src=\"https:\/\/stop-racism.eu\/wp-content\/uploads\/2023\/10\/rca.png\" alt=\"\" class=\"wp-image-35\" srcset=\"https:\/\/stop-racism.eu\/wp-content\/uploads\/2023\/10\/rca.png 502w, https:\/\/stop-racism.eu\/wp-content\/uploads\/2023\/10\/rca-300x100.png 300w\" sizes=\"auto, (max-width: 502px) 100vw, 502px\" \/><\/a><\/figure>\n<\/div>\n\n\n\n<div class=\"wp-block-column is-layout-flow wp-block-column-is-layout-flow\" style=\"flex-basis:66.66%\">\n<p>A RighChallenge \u00e9 uma Organiza\u00e7\u00e3o N\u00e3o-Governamental focada na juventude, com enfoque na educa\u00e7\u00e3o como uma ferramenta para a inclus\u00e3o social e igualdade de oportunidades. Eles acreditam no desenvolvimento compreensivo de indiv\u00edduos e promovem a aprendizagem para a vida como um recurso essencial para um crescimento social sustent\u00e1vel. A organiza\u00e7\u00e3o especializa-se na educa\u00e7\u00e3o n\u00e3o-formal e trabalha diligentemente para ultrapassar as barreiras educacionais em Portugal. As suas interven\u00e7\u00f5es incluem o desenvolvimento de recursos humanos, no desenvolvimento de curr\u00edculos para diversos fatores e em consultoria em aconselhamento de carreira. Atrav\u00e9s da sua rede composta por grupos de investiga\u00e7\u00e3o e institui\u00e7\u00f5es educacionais, a RightChallenge desempenha um papel significativo na \u00e2mbito da educa\u00e7\u00e3o n\u00e3o-formal.<\/p>\n\n\n\n<p>A RightChallenge lidera a organiza\u00e7\u00e3o de atividades de pilotagem e o desenvolvimento de um Kit de Ferramentas Educacionais.<\/p>\n<\/div>\n<\/div>\n\n\n\n<div style=\"height:65px\" aria-hidden=\"true\" class=\"wp-block-spacer\"><\/div>\n","protected":false},"excerpt":{"rendered":"<p>SOSU \u00d8stjylland \ud83c\udde9\ud83c\uddf0 SOSU \u00d8stjylland \u00e9 uma das principais universidades de sa\u00fade e sociais na Dinamarca. Eles oferecem um espetro de programas educacionais desenhados para os setores sociais e de sa\u00fade, bem como para os cuidados da crian\u00e7a. Esta institui\u00e7\u00e3o enfatiza as abordagens pedag\u00f3gicas inovadas e tem uma rela\u00e7\u00e3o pr\u00f3xima com os trabalhadores na \u00e1rea. [&hellip;]<\/p>\n","protected":false},"author":1,"featured_media":0,"parent":0,"menu_order":0,"comment_status":"closed","ping_status":"closed","template":"","meta":{"_themeisle_gutenberg_block_has_review":false,"footnotes":""},"class_list":["post-453","page","type-page","status-publish","hentry"],"_links":{"self":[{"href":"https:\/\/stop-racism.eu\/pt-pt\/wp-json\/wp\/v2\/pages\/453","targetHints":{"allow":["GET"]}}],"collection":[{"href":"https:\/\/stop-racism.eu\/pt-pt\/wp-json\/wp\/v2\/pages"}],"about":[{"href":"https:\/\/stop-racism.eu\/pt-pt\/wp-json\/wp\/v2\/types\/page"}],"author":[{"embeddable":true,"href":"https:\/\/stop-racism.eu\/pt-pt\/wp-json\/wp\/v2\/users\/1"}],"replies":[{"embeddable":true,"href":"https:\/\/stop-racism.eu\/pt-pt\/wp-json\/wp\/v2\/comments?post=453"}],"version-history":[{"count":5,"href":"https:\/\/stop-racism.eu\/pt-pt\/wp-json\/wp\/v2\/pages\/453\/revisions"}],"predecessor-version":[{"id":1124,"href":"https:\/\/stop-racism.eu\/pt-pt\/wp-json\/wp\/v2\/pages\/453\/revisions\/1124"}],"wp:attachment":[{"href":"https:\/\/stop-racism.eu\/pt-pt\/wp-json\/wp\/v2\/media?parent=453"}],"curies":[{"name":"wp","href":"https:\/\/api.w.org\/{rel}","templated":true}]}}