{"id":628,"date":"2023-10-09T08:51:43","date_gmt":"2023-10-09T08:51:43","guid":{"rendered":"https:\/\/stop-racism.eu\/stop-racism\/"},"modified":"2024-11-11T14:47:45","modified_gmt":"2024-11-11T14:47:45","slug":"stop-racism","status":"publish","type":"page","link":"https:\/\/stop-racism.eu\/da\/stop-racism\/","title":{"rendered":"STOP-RACISM"},"content":{"rendered":"\n<section id=\"services\" class=\"wp-block-themeisle-blocks-advanced-columns alignfull has-1-columns has-desktop-equal-layout has-tablet-equal-layout has-mobile-equal-layout has-vertical-flex-start has-dark-bg\"><div class=\"wp-block-themeisle-blocks-advanced-columns-overlay\"><\/div><div class=\"wp-block-themeisle-blocks-advanced-columns-separators top\"><svg id=\"bigTriangle\" fill=\"#000000\" viewBox=\"0 0 100 100\" width=\"100%\" height=\"100\" preserveAspectRatio=\"none\" xmlns=\"http:\/\/www.w3.org\/2000\/svg\" class=\"\"><path d=\"M0 0 L50 100 L100 0 Z\"><\/path><\/svg><\/div><div class=\"innerblocks-wrap\">\n<div id=\"wp-block-themeisle-blocks-advanced-column-9642dc3f\" class=\"wp-block-themeisle-blocks-advanced-column\">\n<section id=\"wp-block-themeisle-blocks-advanced-columns-62d68e08\" class=\"wp-block-themeisle-blocks-advanced-columns has-1-columns has-desktop-equal-layout has-tablet-equal-layout has-mobile-equal-layout has-vertical-flex-start\"><div class=\"wp-block-themeisle-blocks-advanced-columns-overlay\"><\/div><div class=\"innerblocks-wrap\">\n<div id=\"wp-block-themeisle-blocks-advanced-column-ba020b38\" class=\"wp-block-themeisle-blocks-advanced-column\">\n<h2 class=\"wp-block-heading has-text-align-center has-white-color has-text-color\">Projektbeskrivelse<\/h2>\n\n\n\n<p>STOP-RACISM-projektet er et ambiti\u00f8st initiativ, der str\u00e6kker sig over en periode p\u00e5 24 m\u00e5neder og er finansieret under Erasmus Plus KA2-programmet. Projektet har til form\u00e5l at skabe en betydelig forandring i vores samfundsstruktur ved at fokusere p\u00e5 den mest dynamiske befolkningsgruppe &#8211; de unge. Projektet udspringer af et presserende behov for at d\u00e6mme op for voksende <strong>fordomme<\/strong> og <strong>racediskrimination<\/strong>, og et \u00f8nske om at skabe en tolerant og inkluderende fremtid. Gennem innovative metoder og en skarp forst\u00e5else af unge mennesker blander STOP-RACISM-projektet uddannelse med engagement, fremmer bevidsthed og sikrer samtidig aktiv deltagelse. Ved b\u00e5de at fokusere p\u00e5 den enkeltes tankegang og p\u00e5 samfundsstrukturen s\u00f8ger man at skabe et milj\u00f8, hvor mangfoldighed hyldes, og fordomme h\u00f8rer fortiden til.<\/p>\n\n\n\n<figure class=\"wp-block-image aligncenter size-large is-resized\"><img loading=\"lazy\" decoding=\"async\" width=\"1024\" height=\"577\" src=\"https:\/\/stop-racism.eu\/wp-content\/uploads\/2023\/10\/black-white-hands-1024x577.png\" alt=\"\" class=\"wp-image-74\" style=\"aspect-ratio:1.7746967071057191;width:804px;height:auto\" srcset=\"https:\/\/stop-racism.eu\/wp-content\/uploads\/2023\/10\/black-white-hands-1024x577.png 1024w, https:\/\/stop-racism.eu\/wp-content\/uploads\/2023\/10\/black-white-hands-300x169.png 300w, https:\/\/stop-racism.eu\/wp-content\/uploads\/2023\/10\/black-white-hands-768x433.png 768w, https:\/\/stop-racism.eu\/wp-content\/uploads\/2023\/10\/black-white-hands-1536x865.png 1536w, https:\/\/stop-racism.eu\/wp-content\/uploads\/2023\/10\/black-white-hands.png 1640w\" sizes=\"auto, (max-width: 1024px) 100vw, 1024px\" \/><\/figure>\n\n\n\n<p>Projektet dykker dybt ned i det nuv\u00e6rende landskab af interkulturel dannelse og udarbejder en indsigtsfuld rapport om resultaterne. Derfra designes og udf\u00f8res en omfattende plan for <strong>interkulturel kompetenceudvikling<\/strong> og tr\u00e6ning. Dette suppleres yderligere af interaktive workshops, hvor der bruges <strong>seri\u00f8se spil<\/strong> og en topmoderne <strong>e-l\u00e6ringsplatform<\/strong> til at forbedre oplevelsen. For at sikre, at projektets effekt r\u00e6kker ud over de umiddelbare deltagere, udvikles en holistisk <strong>v\u00e6rkt\u00f8jskasse<\/strong> specielt til unge undervisere. Dette er parret med robuste <strong>politiske anbefalinger<\/strong>, der skal guide fremtidige handlinger mod racisme og fordomme. <strong>Projektets m\u00e5l<\/strong> er at:<\/p>\n\n\n\n<div style=\"height:20px\" aria-hidden=\"true\" class=\"wp-block-spacer\"><\/div>\n<\/div>\n<\/div><\/section>\n\n\n\n<div style=\"height:20px\" aria-hidden=\"true\" class=\"wp-block-spacer\"><\/div>\n\n\n\n<section id=\"wp-block-themeisle-blocks-advanced-columns-c568fbc0\" class=\"wp-block-themeisle-blocks-advanced-columns has-4-columns has-desktop-equal-layout has-tablet-equal-layout has-mobile-collapsedRows-layout has-vertical-flex-start\"><div class=\"wp-block-themeisle-blocks-advanced-columns-overlay\"><\/div><div class=\"innerblocks-wrap\">\n<div id=\"wp-block-themeisle-blocks-advanced-column-645429cb\" class=\"wp-block-themeisle-blocks-advanced-column\">\n<h3 id=\"wp-block-themeisle-blocks-advanced-heading-21fcd68f\" class=\"wp-block-themeisle-blocks-advanced-heading wp-block-themeisle-blocks-advanced-heading-21fcd68f\">M\u00e5ls\u00e6tning 1<\/h3>\n\n\n\n<p class=\"has-text-align-center has-white-color has-text-color\">Advokere for tolerance, respekt for mangfoldighed og ikke-diskrimination blandt den unge befolkning.<\/p>\n<\/div>\n\n\n\n<div id=\"wp-block-themeisle-blocks-advanced-column-46197171\" class=\"wp-block-themeisle-blocks-advanced-column\">\n<h3 id=\"wp-block-themeisle-blocks-advanced-heading-2ec6c5e2\" class=\"wp-block-themeisle-blocks-advanced-heading wp-block-themeisle-blocks-advanced-heading-2ec6c5e2\">M\u00e5ls\u00e6tning 2<\/h3>\n\n\n\n<p class=\"has-text-align-center has-white-color has-text-color\">Oplyse unge mennesker om farerne ved racisme og behovet for at eliminere fordomme.<\/p>\n<\/div>\n\n\n\n<div id=\"wp-block-themeisle-blocks-advanced-column-c5e25b38\" class=\"wp-block-themeisle-blocks-advanced-column\">\n<h3 id=\"wp-block-themeisle-blocks-advanced-heading-1a2fc605\" class=\"wp-block-themeisle-blocks-advanced-heading wp-block-themeisle-blocks-advanced-heading-1a2fc605\">M\u00e5ls\u00e6tning 3<\/h3>\n\n\n\n<p class=\"has-text-align-center has-white-color has-text-color\">Implementere uformelle teknikker og spilteknologier til at fremme personlig udvikling, is\u00e6r for dem med begr\u00e6nsede muligheder.<\/p>\n<\/div>\n\n\n\n<div id=\"wp-block-themeisle-blocks-advanced-column-a8141182\" class=\"wp-block-themeisle-blocks-advanced-column\">\n<h3 id=\"wp-block-themeisle-blocks-advanced-heading-12979e1e\" class=\"wp-block-themeisle-blocks-advanced-heading wp-block-themeisle-blocks-advanced-heading-12979e1e\">M\u00e5ls\u00e6tning 4<\/h3>\n\n\n\n<p class=\"has-text-align-center\">Giv st\u00f8tte til dem fra minoritetsgrupper, der har v\u00e6ret udsat for racistiske fordomme.<\/p>\n<\/div>\n<\/div><\/section>\n<\/div>\n<\/div><\/section>\n\n<div id=\"wp-block-themeisle-blocks-advanced-columns-a2946a77\" class=\"wp-block-themeisle-blocks-advanced-columns alignfull has-2-columns has-desktop-equal-layout has-tablet-equal-layout has-mobile-collapsedRows-layout has-vertical-center ticss-a2946a77\"><div class=\"wp-block-themeisle-blocks-advanced-columns-overlay\"><\/div><div class=\"wp-block-themeisle-blocks-advanced-columns-separators top\"><svg id=\"bigTriangle\" fill=\"#000000\" viewBox=\"0 0 100 100\" width=\"100%\" height=\"100\" preserveAspectRatio=\"none\" xmlns=\"http:\/\/www.w3.org\/2000\/svg\" class=\"\"><path d=\"M0 0 L50 100 L100 0 Z\"><\/path><\/svg><\/div><div class=\"innerblocks-wrap\">\n<div id=\"wp-block-themeisle-blocks-advanced-column-bbddf55b\" class=\"wp-block-themeisle-blocks-advanced-column\">\n<figure class=\"wp-block-gallery aligncenter has-nested-images columns-default is-cropped wp-block-gallery-1 is-layout-flex wp-block-gallery-is-layout-flex\">\n<figure class=\"wp-block-image size-full\"><img loading=\"lazy\" decoding=\"async\" width=\"2000\" height=\"2000\" data-id=\"76\" src=\"https:\/\/stop-racism.eu\/wp-content\/uploads\/2023\/10\/stop-racism-globe.jpg\" alt=\"\" class=\"wp-image-76\" srcset=\"https:\/\/stop-racism.eu\/wp-content\/uploads\/2023\/10\/stop-racism-globe.jpg 2000w, https:\/\/stop-racism.eu\/wp-content\/uploads\/2023\/10\/stop-racism-globe-300x300.jpg 300w, https:\/\/stop-racism.eu\/wp-content\/uploads\/2023\/10\/stop-racism-globe-1024x1024.jpg 1024w, https:\/\/stop-racism.eu\/wp-content\/uploads\/2023\/10\/stop-racism-globe-150x150.jpg 150w, https:\/\/stop-racism.eu\/wp-content\/uploads\/2023\/10\/stop-racism-globe-768x768.jpg 768w, https:\/\/stop-racism.eu\/wp-content\/uploads\/2023\/10\/stop-racism-globe-1536x1536.jpg 1536w\" sizes=\"auto, (max-width: 2000px) 100vw, 2000px\" \/><\/figure>\n<\/figure>\n<\/div>\n\n\n\n<div id=\"wp-block-themeisle-blocks-advanced-column-92b2db05\" class=\"wp-block-themeisle-blocks-advanced-column\">\n<p id=\"wp-block-themeisle-blocks-advanced-heading-82f63cc5\" class=\"wp-block-themeisle-blocks-advanced-heading wp-block-themeisle-blocks-advanced-heading-82f63cc5\"><\/p>\n\n\n\n<h2 id=\"wp-block-themeisle-blocks-advanced-heading-8f1f2647\" class=\"wp-block-themeisle-blocks-advanced-heading wp-block-themeisle-blocks-advanced-heading-8f1f2647\">Effekt<\/h2>\n\n\n\n<p class=\"has-white-color has-text-color\">STOP-RACISM-projektet st\u00e5r i spidsen for en bev\u00e6gelse, der sigter mod at skabe varige samfundsm\u00e6ssige forandringer. Gennem sin flerstrengede tilgang fors\u00f8ger den at indgyde v\u00e6rdier som forst\u00e5else og accept i de unge og sikre, at de bliver bannerf\u00f8rere for en <strong>fordomsfri fremtid<\/strong>. Blandingen af traditionel undervisning med moderne spilteknologi skaber en f\u00e6ngslende l\u00e6ringsoplevelse, der f\u00e5r budskabet til at v\u00e6kke genklang. Projektet \u00f8nsker at bidrage til en verden, hvor alle mennesker, uanset baggrund, behandles med <strong>respekt<\/strong> og <strong>v\u00e6rdighed<\/strong>.<\/p>\n<\/div>\n<\/div><\/div>\n\n<h2 id=\"wp-block-themeisle-blocks-advanced-heading-87579868\" class=\"wp-block-themeisle-blocks-advanced-heading wp-block-themeisle-blocks-advanced-heading-87579868\"> <\/h2>\n\n<div class=\"wp-block-columns is-layout-flex wp-container-core-columns-is-layout-28f84493 wp-block-columns-is-layout-flex\">\n<div class=\"wp-block-column is-layout-flow wp-block-column-is-layout-flow\" style=\"flex-basis:100%\">\n<div class=\"wp-block-columns is-layout-flex wp-container-core-columns-is-layout-28f84493 wp-block-columns-is-layout-flex\">\n<div class=\"wp-block-column is-layout-flow wp-block-column-is-layout-flow\" style=\"flex-basis:100%\"><\/div>\n<\/div>\n<\/div>\n<\/div>\n","protected":false},"excerpt":{"rendered":"","protected":false},"author":1,"featured_media":0,"parent":0,"menu_order":0,"comment_status":"closed","ping_status":"closed","template":"","meta":{"_themeisle_gutenberg_block_has_review":false,"footnotes":""},"class_list":["post-628","page","type-page","status-publish","hentry"],"_links":{"self":[{"href":"https:\/\/stop-racism.eu\/da\/wp-json\/wp\/v2\/pages\/628","targetHints":{"allow":["GET"]}}],"collection":[{"href":"https:\/\/stop-racism.eu\/da\/wp-json\/wp\/v2\/pages"}],"about":[{"href":"https:\/\/stop-racism.eu\/da\/wp-json\/wp\/v2\/types\/page"}],"author":[{"embeddable":true,"href":"https:\/\/stop-racism.eu\/da\/wp-json\/wp\/v2\/users\/1"}],"replies":[{"embeddable":true,"href":"https:\/\/stop-racism.eu\/da\/wp-json\/wp\/v2\/comments?post=628"}],"version-history":[{"count":4,"href":"https:\/\/stop-racism.eu\/da\/wp-json\/wp\/v2\/pages\/628\/revisions"}],"predecessor-version":[{"id":993,"href":"https:\/\/stop-racism.eu\/da\/wp-json\/wp\/v2\/pages\/628\/revisions\/993"}],"wp:attachment":[{"href":"https:\/\/stop-racism.eu\/da\/wp-json\/wp\/v2\/media?parent=628"}],"curies":[{"name":"wp","href":"https:\/\/api.w.org\/{rel}","templated":true}]}}