{"id":626,"date":"2023-10-09T08:52:03","date_gmt":"2023-10-09T08:52:03","guid":{"rendered":"https:\/\/stop-racism.eu\/arbejdspakker\/"},"modified":"2025-05-28T08:50:32","modified_gmt":"2025-05-28T08:50:32","slug":"arbejdspakker","status":"publish","type":"page","link":"https:\/\/stop-racism.eu\/da\/arbejdspakker\/","title":{"rendered":"ARBEJDSPAKKER"},"content":{"rendered":"\n<div class=\"wp-block-columns alignwide is-layout-flex wp-container-core-columns-is-layout-d2da2050 wp-block-columns-is-layout-flex\" style=\"margin-bottom:0\">\n<div class=\"wp-block-column has-black-background-color has-text-color has-background has-link-color wp-elements-61cf552a69dbdaa970b4e6dc6c29ffb6 is-layout-flow wp-block-column-is-layout-flow\" style=\"color:#000000;padding-top:2em;padding-right:2em;padding-bottom:2em;padding-left:2em\">\n<h2 class=\"wp-block-heading has-ti-bg-color has-text-color\" id=\"patron\" style=\"font-size:clamp(24.034px, 1.502rem + ((1vw - 3.2px) * 1.947), 40px);\"><strong><strong>Arbejdspakke 1 <\/strong><\/strong><\/h2>\n\n\n\n<p class=\"has-ti-bg-color has-text-color has-normal-font-size\"><strong><strong><strong><strong>Projektledelse<\/strong><\/strong><\/strong><\/strong><\/p>\n\n\n\n<hr class=\"wp-block-separator has-text-color has-white-color has-alpha-channel-opacity has-white-background-color has-background is-style-wide\"\/>\n\n\n\n<div class=\"wp-block-buttons alignfull is-horizontal is-content-justification-center is-layout-flex wp-container-core-buttons-is-layout-03627597 wp-block-buttons-is-layout-flex\"><\/div>\n\n\n\n<p class=\"has-ti-bg-color has-text-color\">Denne arbejdspakke skal monitorere fremskridt, kvalitet og opn\u00e5else af projektets output og resultater. SOSU er partnerorganisationen, der implementerer denne pakke.<\/p>\n\n\n\n<p><\/p>\n<\/div>\n<\/div>\n\n\n\n<div class=\"wp-block-columns alignwide is-layout-flex wp-container-core-columns-is-layout-d2da2050 wp-block-columns-is-layout-flex\" style=\"margin-bottom:0\">\n<div class=\"wp-block-column has-text-color has-background has-link-color wp-elements-31daa29725ac1cb434f530cbbc01b5b0 is-layout-flow wp-block-column-is-layout-flow\" style=\"color:#000000;background-color:#fe1e56;padding-top:2em;padding-right:2em;padding-bottom:2em;padding-left:2em\">\n<h2 class=\"wp-block-heading has-ti-bg-color has-text-color\" id=\"family\" style=\"font-size:clamp(24.034px, 1.502rem + ((1vw - 3.2px) * 1.947), 40px);\"><strong>Arbejdspakke 2 <\/strong><\/h2>\n\n\n\n<p class=\"has-ti-bg-color has-text-color has-normal-font-size\" style=\"line-height:1.5\"><strong><strong>Aktuel status p\u00e5 interkulturel kompetence og kompetenceramme<\/strong><\/strong><\/p>\n\n\n\n<hr class=\"wp-block-separator has-text-color has-white-color has-alpha-channel-opacity has-white-background-color has-background is-style-wide\"\/>\n\n\n\n<div class=\"wp-block-buttons alignfull is-horizontal is-content-justification-center is-layout-flex wp-container-core-buttons-is-layout-03627597 wp-block-buttons-is-layout-flex\"><\/div>\n\n\n\n<p class=\"has-ti-bg-color has-text-color\">Det prim\u00e6re form\u00e5l med denne arbejdspakke er at indsamle dybdeg\u00e5ende information om interkulturel kompetence med fokus p\u00e5 begreber som ikke-diskrimination og respekt for mangfoldighed. Forskningen vil definere vigtige termer og gennemg\u00e5 videnskabelige artikler for at forst\u00e5 racisme i Europa og udt\u00e6nke modstrategier. Der vil ogs\u00e5 blive lagt v\u00e6gt p\u00e5 at hj\u00e6lpe unge minoritetsofre udsat for racisme. De indsamlede oplysninger vil hj\u00e6lpe med at skabe en undervisningsplan og forme kompetencerammen til fremme af antiracistisk adf\u00e6rd. Forskningsresultaterne og kompetencerammen vil v\u00e6re offentligt tilg\u00e6ngelige p\u00e5 STOP-RACISM&#8217;s hjemmeside. Det overordnede m\u00e5l er at informere, kl\u00e6de folk p\u00e5 og ruste dem mod racisme og diskrimination.<\/p>\n\n\n\n<ul class=\"wp-block-list has-white-color has-text-color has-link-color wp-elements-bdd488193d46e61a8f65bfd8fe020030\">\n<li style=\"text-decoration:underline\"><strong><a href=\"https:\/\/stop-racism.eu\/wp-content\/uploads\/2024\/06\/SR-Competences-framework-v2_Danish.pdf\" target=\"_blank\" rel=\"noreferrer noopener\">Kompetenceramme<\/a><\/strong><\/li>\n\n\n\n<li style=\"text-decoration:underline\"><strong><a href=\"https:\/\/stop-racism.eu\/wp-content\/uploads\/2024\/10\/STOP-RACISM-Transnational-report-Danish.docx\" data-type=\"attachment\" data-id=\"909\">Nationale rapporter<\/a><\/strong><\/li>\n<\/ul>\n<\/div>\n\n\n\n<div class=\"wp-block-column has-text-color has-background has-link-color wp-elements-5f89433260d3b39716729566e67ae98e is-layout-flow wp-block-column-is-layout-flow\" style=\"color:#000000;background-color:#8c52fe;padding-top:2em;padding-right:2em;padding-bottom:2em;padding-left:2em\">\n<h2 class=\"wp-block-heading has-ti-bg-color has-text-color\" id=\"patron\" style=\"font-size:clamp(24.034px, 1.502rem + ((1vw - 3.2px) * 1.947), 40px);\"><strong>Arbejdspakke 3 <\/strong><\/h2>\n\n\n\n<p class=\"has-ti-bg-color has-text-color has-normal-font-size\"><strong><strong>Planl\u00e6gning og tr\u00e6ning af interkulturel kompetence<\/strong><\/strong><\/p>\n\n\n\n<hr class=\"wp-block-separator has-text-color has-white-color has-alpha-channel-opacity has-white-background-color has-background is-style-wide\"\/>\n\n\n\n<div class=\"wp-block-buttons alignfull is-horizontal is-content-justification-center is-layout-flex wp-container-core-buttons-is-layout-03627597 wp-block-buttons-is-layout-flex\"><\/div>\n\n\n\n<p class=\"has-ti-bg-color has-text-color\">Denne arbejdspakke fokuserer p\u00e5 at skabe et interkulturelt l\u00e6ringsprogram for de unge, der bygger p\u00e5 resultaterne fra arbejdspakke 2. Denne l\u00e6seplan vil efterf\u00f8lgende forme STOP-RACISM-workshops og e-l\u00e6ringsplatformen i den kommende arbejdspakke. L\u00e6seplanen vil blandt andet d\u00e6kke emner som forst\u00e5else af racisme, utilsigtet diskrimination og fremme af antiracistiske handlinger. Den p\u00e6dagogiske tilgang vil blande ansigt til ansigt-l\u00e6ring, gamification og online-ressourcer. N\u00e5r alle materialer er udviklet, vil de v\u00e6re tilg\u00e6ngelige p\u00e5 partnernes sprog, s\u00e5 de kan anvendes bredt. Uddannelsens struktur sikrer fleksibilitet, inklusivitet og innovative blandede metoder. Efter udviklingen vil der blive k\u00f8rt et pilotprojekt p\u00e5 tv\u00e6rs af partnerlande, hvor mindst 30 unge mennesker pr. land vil blive involveret, og hvor vejledere vil assistere under hele forl\u00f8bet.<\/p>\n\n\n\n<ul class=\"wp-block-list has-white-color has-text-color has-link-color wp-elements-7d9c9befd90935ff983228e0448fd0b6\">\n<li style=\"text-decoration:underline\"><strong><a href=\"https:\/\/elearning.stop-racism.eu\/da\/courses\/\" target=\"_blank\" rel=\"noreferrer noopener\">P\u00e6dagogisk l\u00e6seplan<\/a><\/strong><\/li>\n<\/ul>\n<\/div>\n<\/div>\n\n\n\n<div class=\"wp-block-columns alignwide is-layout-flex wp-container-core-columns-is-layout-d2da2050 wp-block-columns-is-layout-flex\" style=\"margin-bottom:0\">\n<div class=\"wp-block-column has-ti-bg-inv-background-color has-text-color has-background has-link-color wp-elements-2fca2ded6b4be9e2c2cf55a6504f2bea is-layout-flow wp-block-column-is-layout-flow\" style=\"color:#000000;padding-top:2em;padding-right:2em;padding-bottom:2em;padding-left:2em\">\n<h2 class=\"wp-block-heading has-ti-bg-color has-text-color\" id=\"single\" style=\"font-size:clamp(24.034px, 1.502rem + ((1vw - 3.2px) * 1.947), 40px);\"><strong>Arbejdspakke 4<\/strong><\/h2>\n\n\n\n<p class=\"has-ti-bg-color has-text-color has-normal-font-size\" style=\"line-height:1.5\"><strong> STOP-RACISM-workshops med seri\u00f8se spil og e-l\u00e6ringsplatform<\/strong><\/p>\n\n\n\n<hr class=\"wp-block-separator has-text-color has-white-color has-alpha-channel-opacity has-white-background-color has-background is-style-wide\"\/>\n\n\n\n<div class=\"wp-block-buttons alignfull is-horizontal is-content-justification-center is-layout-flex wp-container-core-buttons-is-layout-03627597 wp-block-buttons-is-layout-flex\"><\/div>\n\n\n\n<p class=\"has-ti-bg-color has-text-color\">For at styrke projektelementer som b\u00e6redygtighed og tilg\u00e6ngelighed skaber partnerne interaktive workshops med seri\u00f8se spil og en engagerende e-l\u00e6ringsplatform. Arbejdspakke 4 har til form\u00e5l at:<\/p>\n\n\n\n<ul class=\"wp-block-list has-ti-bg-color has-text-color\">\n<li>Forbedre socio-kognitive f\u00e6rdigheder, etisk udvikling og forst\u00e5else af samfundsm\u00e6ssige problemer.<\/li>\n\n\n\n<li>Tilbyde fyldestg\u00f8rende undervisningsmateriale, der udforsker racismens dynamik og fremmer udryddelsen af den.<\/li>\n\n\n\n<li>Fremh\u00e6ve en proaktiv holdning, der er n\u00f8dvendig for at bek\u00e6mpe racisme, og understrege dens betydning i uddannelsesm\u00e6ssige og famili\u00e6re sammenh\u00e6nge.<\/li>\n\n\n\n<li>Opmuntre til kritisk, etisk t\u00e6nkning og udvikle de unges sociale f\u00e6rdigheder.<\/li>\n\n\n\n<li>Opbygge et internationalt onlinef\u00e6llesskab for at fremme europ\u00e6isk enhed og identitet.<\/li>\n<\/ul>\n\n\n\n<p class=\"has-ti-bg-color has-text-color\">Seri\u00f8se spil, der er designet til l\u00e6ring, udnytter de motiverende egenskaber ved digitale spil. Deres interaktivitet og fordybende egenskaber giver vigtige livslektioner, der sigter mod at indgyde antiracistiske holdninger og fremme lighed. Projektet l\u00e6gger v\u00e6gt p\u00e5 aktiv forebyggelse af racisme, anerkendelse af utilsigtet diskrimination, bevidstg\u00f8relse om racismens farer, fortalervirksomhed mod diskrimination og st\u00f8tte til racismens ofre.<\/p>\n\n\n\n<ul class=\"wp-block-list\">\n<li class=\"has-ti-bg-color has-text-color has-link-color wp-elements-96e2f19a8daafe1385b1f841fda2b7c0\" style=\"text-decoration:underline\"><strong><a href=\"https:\/\/elearning.stop-racism.eu\/da\/\" target=\"_blank\" rel=\"noreferrer noopener\">e-l\u00e6ringsplatform<\/a><\/strong><\/li>\n\n\n\n<li class=\"has-ti-bg-color has-text-color has-link-color wp-elements-19a8994c22d58d132c614e062561aee4\" style=\"text-decoration:underline\"><strong><a href=\"https:\/\/quiz.stop-racism.eu\" target=\"_blank\" rel=\"noreferrer noopener\">P\u00e6dagogisk spil<\/a><\/strong><\/li>\n<\/ul>\n<\/div>\n\n\n\n<div class=\"wp-block-column has-text-color has-background has-link-color wp-elements-382f19a85d893ae9b57ab4a0d3551779 is-layout-flow wp-block-column-is-layout-flow\" style=\"color:#000000;background-color:#fe1e56;padding-top:2em;padding-right:2em;padding-bottom:2em;padding-left:2em\">\n<h2 class=\"wp-block-heading has-ti-bg-color has-text-color\" id=\"family\" style=\"font-size:clamp(24.034px, 1.502rem + ((1vw - 3.2px) * 1.947), 40px);\"><strong>Arbejdspakke 5<\/strong><\/h2>\n\n\n\n<p class=\"has-ti-bg-color has-text-color has-normal-font-size\" style=\"line-height:1.5\"><strong>V\u00e6rkt\u00f8jskasse til unge undervisere og politiske anbefalinger<\/strong><\/p>\n\n\n\n<hr class=\"wp-block-separator has-text-color has-white-color has-alpha-channel-opacity has-white-background-color has-background is-style-wide\"\/>\n\n\n\n<p class=\"has-ti-bg-color has-text-color\">V\u00e6rkt\u00f8jskassen har til form\u00e5l at udstyre unge undervisere og vigtige interessenter med v\u00e6rkt\u00f8jer og vejledning til at fremme kritisk t\u00e6nkning og bevidsthed om racisme. N\u00f8glefunktionerne omfatter:<\/p>\n\n\n\n<ul class=\"wp-block-list has-ti-bg-color has-text-color has-normal-font-size\">\n<li>En guide til at bruge gamification til at undervise i antiracistiske principper.<\/li>\n\n\n\n<li>Motiverende teknikker og vigtig viden for de l\u00e6rende.<\/li>\n\n\n\n<li>Klar-til-brug formularer og skabeloner for bredere anvendelighed.<\/li>\n\n\n\n<li>Politiske anbefalinger, der underst\u00f8tter projektets m\u00e5l og sikrer overf\u00f8rbarheden af dets ressourcer.<\/li>\n\n\n\n<li>Klasserumsvenlige ressourcer til at fremme kritisk t\u00e6nkning og effektiv undervisning i antiracisme.<\/li>\n<\/ul>\n\n\n\n<div class=\"wp-block-buttons alignfull is-horizontal is-content-justification-center is-layout-flex wp-container-core-buttons-is-layout-03627597 wp-block-buttons-is-layout-flex\"><\/div>\n\n\n\n<p class=\"has-ti-bg-color has-text-color\">Som en del af arbejdspakke 5 vil der blive udarbejdet en skabelon til politiske redeg\u00f8relser, som kan hj\u00e6lpe med at udarbejde redeg\u00f8relser til forskellige m\u00e5lgrupper, fra lokale til europ\u00e6iske interessenter. V\u00e6rkt\u00f8jskassen fremmer STOP-RACISM-projektets praktiske anvendelse og tilbyder yderligere v\u00e6rkt\u00f8jer til at fremme europ\u00e6isk sammenhold. Alle resultater vil v\u00e6re tilg\u00e6ngelige online, og der vil blive gennemf\u00f8rt oplysningskampagner for at understrege deres brede anvendelighed. Desuden vil der blive afholdt en r\u00e6kke events for at udbrede projektets resultater og indhente feedback fra deltagerne for at forbedre tilbuddene.<\/p>\n\n\n\n<ul class=\"wp-block-list\">\n<li class=\"has-ti-bg-color has-text-color has-link-color wp-elements-134b5f82be1ece206970b36299a13e0b\" style=\"text-decoration:underline\"><strong><a href=\"https:\/\/stop-racism.eu\/wp-content\/uploads\/2025\/04\/STOP-RACISM-Toolkit.pdf\" target=\"_blank\" rel=\"noreferrer noopener\">V\u00e6rkt\u00f8jskasse<\/a><\/strong><\/li>\n<\/ul>\n<\/div>\n<\/div>\n\n\n\n<p><\/p>\n","protected":false},"excerpt":{"rendered":"<p>Arbejdspakke 1 Projektledelse Denne arbejdspakke skal monitorere fremskridt, kvalitet og opn\u00e5else af projektets output og resultater. SOSU er partnerorganisationen, der implementerer denne pakke. Arbejdspakke 2 Aktuel status p\u00e5 interkulturel kompetence og kompetenceramme Det prim\u00e6re form\u00e5l med denne arbejdspakke er at indsamle dybdeg\u00e5ende information om interkulturel kompetence med fokus p\u00e5 begreber som ikke-diskrimination og respekt for [&hellip;]<\/p>\n","protected":false},"author":1,"featured_media":0,"parent":0,"menu_order":0,"comment_status":"closed","ping_status":"closed","template":"","meta":{"_themeisle_gutenberg_block_has_review":false,"footnotes":""},"class_list":["post-626","page","type-page","status-publish","hentry"],"_links":{"self":[{"href":"https:\/\/stop-racism.eu\/da\/wp-json\/wp\/v2\/pages\/626","targetHints":{"allow":["GET"]}}],"collection":[{"href":"https:\/\/stop-racism.eu\/da\/wp-json\/wp\/v2\/pages"}],"about":[{"href":"https:\/\/stop-racism.eu\/da\/wp-json\/wp\/v2\/types\/page"}],"author":[{"embeddable":true,"href":"https:\/\/stop-racism.eu\/da\/wp-json\/wp\/v2\/users\/1"}],"replies":[{"embeddable":true,"href":"https:\/\/stop-racism.eu\/da\/wp-json\/wp\/v2\/comments?post=626"}],"version-history":[{"count":8,"href":"https:\/\/stop-racism.eu\/da\/wp-json\/wp\/v2\/pages\/626\/revisions"}],"predecessor-version":[{"id":1167,"href":"https:\/\/stop-racism.eu\/da\/wp-json\/wp\/v2\/pages\/626\/revisions\/1167"}],"wp:attachment":[{"href":"https:\/\/stop-racism.eu\/da\/wp-json\/wp\/v2\/media?parent=626"}],"curies":[{"name":"wp","href":"https:\/\/api.w.org\/{rel}","templated":true}]}}