{"id":624,"date":"2023-10-09T08:52:16","date_gmt":"2023-10-09T08:52:16","guid":{"rendered":"https:\/\/stop-racism.eu\/partnere\/"},"modified":"2025-04-02T13:59:19","modified_gmt":"2025-04-02T13:59:19","slug":"partnere","status":"publish","type":"page","link":"https:\/\/stop-racism.eu\/da\/partnere\/","title":{"rendered":"Partnere"},"content":{"rendered":"\n<h4 class=\"wp-block-heading has-text-align-center\">SOSU \u00d8stjylland \ud83c\udde9\ud83c\uddf0<\/h4>\n\n\n\n<div class=\"wp-block-columns is-layout-flex wp-container-core-columns-is-layout-28f84493 wp-block-columns-is-layout-flex\">\n<div class=\"wp-block-column is-layout-flow wp-block-column-is-layout-flow\" style=\"flex-basis:33.33%\">\n<figure class=\"wp-block-image aligncenter size-full is-resized\"><a href=\"https:\/\/www.sosuoj.dk\/\" target=\"_blank\" rel=\"noreferrer noopener\"><img decoding=\"async\" src=\"https:\/\/stop-racism.eu\/wp-content\/uploads\/2023\/10\/sosu.svg\" alt=\"\" class=\"wp-image-30\" style=\"width:213px;height:71px\"\/><\/a><\/figure>\n<\/div>\n\n\n\n<div class=\"wp-block-column is-layout-flow wp-block-column-is-layout-flow\" style=\"flex-basis:66.66%\">\n<p>SOSU \u00d8stjylland er en af Danmarks f\u00f8rende social- og sundhedsskoler. De tilbyder en r\u00e6kke uddannelsesprogrammer, der er skr\u00e6ddersyet til social- og sundhedssektoren og det p\u00e6dagogiske omr\u00e5de. Institutionen l\u00e6gger v\u00e6gt p\u00e5 innovative p\u00e6dagogiske tilgange og har et t\u00e6t forhold til arbejdsgivere inden for omr\u00e5det. Med en rig historie, der str\u00e6kker sig over to \u00e5rtier, har de v\u00e6ret f\u00f8rende inden for uddannelse af plejepersonale og validering af realkompetencer. SOSU deltager ogs\u00e5 aktivt i nationale og internationale projekter, der har til form\u00e5l at l\u00f8se samfundsm\u00e6ssige problemer, herunder ensomhed og negativ social kontrol blandt unge.<\/p>\n\n\n\n<p>SOSU er koordinator for projektet og st\u00e5r for projektledelse og en lang r\u00e6kke aktiviteter.<\/p>\n<\/div>\n<\/div>\n\n\n\n<div style=\"height:65px\" aria-hidden=\"true\" class=\"wp-block-spacer\"><\/div>\n\n\n\n<h4 class=\"wp-block-heading has-text-align-center\">Innovation Hive \ud83c\uddec\ud83c\uddf7<\/h4>\n\n\n\n<div class=\"wp-block-columns is-layout-flex wp-container-core-columns-is-layout-28f84493 wp-block-columns-is-layout-flex\">\n<div class=\"wp-block-column is-layout-flow wp-block-column-is-layout-flow\" style=\"flex-basis:33.33%\">\n<figure class=\"wp-block-image aligncenter size-large is-resized\"><a href=\"https:\/\/innovationhive.eu\/\" target=\"_blank\" rel=\"noreferrer noopener\"><img loading=\"lazy\" decoding=\"async\" width=\"1024\" height=\"1024\" src=\"https:\/\/stop-racism.eu\/wp-content\/uploads\/2023\/10\/Innovation-hiveLogo-color-1024x1024.png\" alt=\"\" class=\"wp-image-31\" style=\"width:152px;height:152px\" srcset=\"https:\/\/stop-racism.eu\/wp-content\/uploads\/2023\/10\/Innovation-hiveLogo-color-1024x1024.png 1024w, https:\/\/stop-racism.eu\/wp-content\/uploads\/2023\/10\/Innovation-hiveLogo-color-300x300.png 300w, https:\/\/stop-racism.eu\/wp-content\/uploads\/2023\/10\/Innovation-hiveLogo-color-150x150.png 150w, https:\/\/stop-racism.eu\/wp-content\/uploads\/2023\/10\/Innovation-hiveLogo-color-768x768.png 768w, https:\/\/stop-racism.eu\/wp-content\/uploads\/2023\/10\/Innovation-hiveLogo-color-1536x1536.png 1536w, https:\/\/stop-racism.eu\/wp-content\/uploads\/2023\/10\/Innovation-hiveLogo-color.png 1920w\" sizes=\"auto, (max-width: 1024px) 100vw, 1024px\" \/><\/a><\/figure>\n<\/div>\n\n\n\n<div class=\"wp-block-column is-layout-flow wp-block-column-is-layout-flow\" style=\"flex-basis:66.66%\">\n<p>Innovation Hive ligger i Larissa i Gr\u00e6kenland og er en non-profit organisation, der fokuserer p\u00e5 at fremme \u00e5ben innovation p\u00e5 tv\u00e6rs af forskellige omr\u00e5der. Deres prim\u00e6re mission er at bygge bro mellem de unge og samfundet ved at udvikle nye metoder og g\u00f8re det lettere at inddrage de unge. De tilbyder en lang r\u00e6kke tjenester, s\u00e5som ungdomstr\u00e6ning, r\u00e5dgivningssessioner og forskning rettet mod ungdomsorienterede politikker. Organisationens omfattende ekspertise d\u00e6kker blandt andet omr\u00e5der som forretningsinnovation, ungdomsentrepren\u00f8rskab, social inklusion og b\u00e6redygtig udvikling.<\/p>\n\n\n\n<p>Innovation Hive st\u00e5r i spidsen for udviklingen af undervisningsplanen og -materialet.<\/p>\n<\/div>\n<\/div>\n\n\n\n<div style=\"height:65px\" aria-hidden=\"true\" class=\"wp-block-spacer\"><\/div>\n\n\n\n<h4 class=\"wp-block-heading has-text-align-center\">Innovation Bee \ud83c\uddec\ud83c\uddf7<\/h4>\n\n\n\n<div class=\"wp-block-columns is-layout-flex wp-container-core-columns-is-layout-28f84493 wp-block-columns-is-layout-flex\">\n<div class=\"wp-block-column is-layout-flow wp-block-column-is-layout-flow\" style=\"flex-basis:33.33%\">\n<figure class=\"wp-block-image aligncenter size-large\"><a href=\"https:\/\/innovationbee.gr\/\" target=\"_blank\" rel=\"noreferrer noopener\"><img loading=\"lazy\" decoding=\"async\" width=\"1024\" height=\"361\" src=\"https:\/\/stop-racism.eu\/wp-content\/uploads\/2023\/10\/logo-innovation-bee-final-1-1024x361.png\" alt=\"\" class=\"wp-image-32\" srcset=\"https:\/\/stop-racism.eu\/wp-content\/uploads\/2023\/10\/logo-innovation-bee-final-1-1024x361.png 1024w, https:\/\/stop-racism.eu\/wp-content\/uploads\/2023\/10\/logo-innovation-bee-final-1-300x106.png 300w, https:\/\/stop-racism.eu\/wp-content\/uploads\/2023\/10\/logo-innovation-bee-final-1-768x271.png 768w, https:\/\/stop-racism.eu\/wp-content\/uploads\/2023\/10\/logo-innovation-bee-final-1-1536x542.png 1536w, https:\/\/stop-racism.eu\/wp-content\/uploads\/2023\/10\/logo-innovation-bee-final-1-2048x722.png 2048w\" sizes=\"auto, (max-width: 1024px) 100vw, 1024px\" \/><\/a><\/figure>\n<\/div>\n\n\n\n<div class=\"wp-block-column is-layout-flow wp-block-column-is-layout-flow\" style=\"flex-basis:66.66%\">\n<p>Innovation Bee, en B2B-teknologivirksomhed med base i Gr\u00e6kenland, har specialiseret sig i at tilbyde banebrydende IT-forskningstjenester og integrerede l\u00f8sninger. Deres mission drejer sig om at designe web- og mobilapplikationer, der hj\u00e6lper virksomheder med at navigere i den digitale tidsalders udfordringer. Deres vigtigste ekspertiseomr\u00e5der omfatter blockchain-teknologi, kunstig intelligens, digital transformation og andre innovationsdrevne l\u00f8sninger, der sikrer, at virksomheder forbliver konkurrencedygtige og relevante p\u00e5 det moderne marked.<\/p>\n\n\n\n<p>Innovation Bee er arkitekter p\u00e5 projektets digitale v\u00e6rkt\u00f8jer, herunder hjemmeside, e-l\u00e6ringsplatform og spil.<\/p>\n<\/div>\n<\/div>\n\n\n\n<div style=\"height:65px\" aria-hidden=\"true\" class=\"wp-block-spacer\"><\/div>\n\n\n\n<h4 class=\"wp-block-heading has-text-align-center\">Citizens In Power \ud83c\udde8\ud83c\uddfe<\/h4>\n\n\n\n<div class=\"wp-block-columns is-layout-flex wp-container-core-columns-is-layout-28f84493 wp-block-columns-is-layout-flex\">\n<div class=\"wp-block-column is-layout-flow wp-block-column-is-layout-flow\" style=\"flex-basis:33.33%\">\n<figure class=\"wp-block-image aligncenter size-large\"><a href=\"https:\/\/citizensinpower.org\/\" target=\"_blank\" rel=\"noreferrer noopener\"><img loading=\"lazy\" decoding=\"async\" width=\"1024\" height=\"390\" src=\"https:\/\/stop-racism.eu\/wp-content\/uploads\/2023\/10\/cip-logo-01-copy-1-1024x390.png\" alt=\"\" class=\"wp-image-63\" srcset=\"https:\/\/stop-racism.eu\/wp-content\/uploads\/2023\/10\/cip-logo-01-copy-1-1024x390.png 1024w, https:\/\/stop-racism.eu\/wp-content\/uploads\/2023\/10\/cip-logo-01-copy-1-300x114.png 300w, https:\/\/stop-racism.eu\/wp-content\/uploads\/2023\/10\/cip-logo-01-copy-1-768x293.png 768w, https:\/\/stop-racism.eu\/wp-content\/uploads\/2023\/10\/cip-logo-01-copy-1-1536x585.png 1536w, https:\/\/stop-racism.eu\/wp-content\/uploads\/2023\/10\/cip-logo-01-copy-1-2048x780.png 2048w\" sizes=\"auto, (max-width: 1024px) 100vw, 1024px\" \/><\/a><\/figure>\n<\/div>\n\n\n\n<div class=\"wp-block-column is-layout-flow wp-block-column-is-layout-flow\" style=\"flex-basis:66.66%\">\n<p>C.I.P. er en anerkendt non-profit organisation p\u00e5 Cypern, der arbejder for global uddannelse, social innovation og b\u00e6redygtig v\u00e6kst. Deres tv\u00e6rfaglige tilgang tackler samfundsm\u00e6ssige, uddannelsesm\u00e6ssige og milj\u00f8m\u00e6ssige udfordringer ved at udnytte teknologi og forskningsresultater. C.I.P. arbejder sammen med kendte universiteter og NGO&#8217;er og organiserer projekter under forskellige afdelinger som iv\u00e6rks\u00e6tteri, social innovation og STEM-uddannelse. Deres dedikation til samfundsforandring er tydelig i deres utr\u00e6ttelige indsats for at give borgerne innovative v\u00e6rkt\u00f8jer og omfattende l\u00f8sninger.<\/p>\n\n\n\n<p>CIP p\u00e5tager sig rollen som koordinator af forskningen og Kompetencerammen.<\/p>\n<\/div>\n<\/div>\n\n\n\n<div style=\"height:65px\" aria-hidden=\"true\" class=\"wp-block-spacer\"><\/div>\n\n\n\n<h4 class=\"wp-block-heading has-text-align-center\">Pnevma LLC \ud83c\udde7\ud83c\uddec<\/h4>\n\n\n\n<div class=\"wp-block-columns is-layout-flex wp-container-core-columns-is-layout-28f84493 wp-block-columns-is-layout-flex\">\n<div class=\"wp-block-column is-layout-flow wp-block-column-is-layout-flow\" style=\"flex-basis:33.33%\">\n<figure class=\"wp-block-image size-full\"><img loading=\"lazy\" decoding=\"async\" width=\"212\" height=\"100\" src=\"https:\/\/stop-racism.eu\/wp-content\/uploads\/2025\/04\/PNEVMA-LLC.webp\" alt=\"\" class=\"wp-image-1116\"\/><\/figure>\n<\/div>\n\n\n\n<div class=\"wp-block-column is-layout-flow wp-block-column-is-layout-flow\" style=\"flex-basis:66.66%\">\n<p>PNEVMA LLC ligger i Sofia i Bulgarien og er en uddannelses- og forskningsorganisation, der l\u00e6gger v\u00e6gt p\u00e5 tr\u00e6ning, uddannelse og forskning og udvikling. Deres mangfoldige team best\u00e5r af erfarne forskere, akademikere og praktikere, der er dedikeret til at fremme social innovation p\u00e5 forskellige niveauer. PNEVMAs vision er at v\u00e6re et globalt fyrt\u00e5rn inden for forskning og uddannelse, der sigter mod at introducere nye undervisningsmetoder og bidrage positivt til samfundets behov. Deres m\u00e5l er vidtfavnende og sp\u00e6nder fra at fremme banebrydende forskning til at k\u00e6mpe for inklusion og styrke forskellige grupper i samfundet.<\/p>\n\n\n\n<p>Pnevma er ansvarlig for de nationale rapporter og indholdet af spillet.<\/p>\n<\/div>\n<\/div>\n\n\n\n<div style=\"height:65px\" aria-hidden=\"true\" class=\"wp-block-spacer\"><\/div>\n\n\n\n<h4 class=\"wp-block-heading has-text-align-center\">RightChallenge \ud83c\uddf5\ud83c\uddf9<\/h4>\n\n\n\n<div class=\"wp-block-columns is-layout-flex wp-container-core-columns-is-layout-28f84493 wp-block-columns-is-layout-flex\">\n<div class=\"wp-block-column is-layout-flow wp-block-column-is-layout-flow\" style=\"flex-basis:33.33%\">\n<figure class=\"wp-block-image aligncenter size-full\"><a href=\"https:\/\/rightchallenge.org\/en\/\" target=\"_blank\" rel=\"noreferrer noopener\"><img loading=\"lazy\" decoding=\"async\" width=\"502\" height=\"168\" src=\"https:\/\/stop-racism.eu\/wp-content\/uploads\/2023\/10\/rca.png\" alt=\"\" class=\"wp-image-35\" srcset=\"https:\/\/stop-racism.eu\/wp-content\/uploads\/2023\/10\/rca.png 502w, https:\/\/stop-racism.eu\/wp-content\/uploads\/2023\/10\/rca-300x100.png 300w\" sizes=\"auto, (max-width: 502px) 100vw, 502px\" \/><\/a><\/figure>\n<\/div>\n\n\n\n<div class=\"wp-block-column is-layout-flow wp-block-column-is-layout-flow\" style=\"flex-basis:66.66%\">\n<p>Rightchallenge er en ungdomsfokuseret NGO i Portugal, der l\u00e6gger v\u00e6gt p\u00e5 uddannelse som et redskab til social inklusion og lige muligheder. De tror p\u00e5 en helhedsorienteret udvikling af den enkelte og fremmer livslang l\u00e6ring som afg\u00f8rende for b\u00e6redygtig samfundsv\u00e6kst. Organisationen har specialiseret sig i uformel uddannelse og arbejder ih\u00e6rdigt p\u00e5 at overvinde uddannelsesm\u00e6ssige barrierer i Portugal. Deres interventioner omfatter udvikling af menneskelige ressourcer, udformning af l\u00e6seplaner for forskellige sektorer og r\u00e5dgivning inden for karrierevejledning. Ved at netv\u00e6rke med forskningsgrupper og uddannelsesinstitutioner spiller de en vigtig rolle i det uformelle uddannelseslandskab.<\/p>\n\n\n\n<p>RightChallenge leder organiseringen af pilotaktiviteterne og udviklingen af den p\u00e6dagogiske v\u00e6rkt\u00f8jskasse.<\/p>\n<\/div>\n<\/div>\n\n\n\n<div style=\"height:65px\" aria-hidden=\"true\" class=\"wp-block-spacer\"><\/div>\n","protected":false},"excerpt":{"rendered":"<p>SOSU \u00d8stjylland \ud83c\udde9\ud83c\uddf0 SOSU \u00d8stjylland er en af Danmarks f\u00f8rende social- og sundhedsskoler. De tilbyder en r\u00e6kke uddannelsesprogrammer, der er skr\u00e6ddersyet til social- og sundhedssektoren og det p\u00e6dagogiske omr\u00e5de. Institutionen l\u00e6gger v\u00e6gt p\u00e5 innovative p\u00e6dagogiske tilgange og har et t\u00e6t forhold til arbejdsgivere inden for omr\u00e5det. Med en rig historie, der str\u00e6kker sig over to [&hellip;]<\/p>\n","protected":false},"author":1,"featured_media":0,"parent":0,"menu_order":0,"comment_status":"closed","ping_status":"closed","template":"","meta":{"_themeisle_gutenberg_block_has_review":false,"footnotes":""},"class_list":["post-624","page","type-page","status-publish","hentry"],"_links":{"self":[{"href":"https:\/\/stop-racism.eu\/da\/wp-json\/wp\/v2\/pages\/624","targetHints":{"allow":["GET"]}}],"collection":[{"href":"https:\/\/stop-racism.eu\/da\/wp-json\/wp\/v2\/pages"}],"about":[{"href":"https:\/\/stop-racism.eu\/da\/wp-json\/wp\/v2\/types\/page"}],"author":[{"embeddable":true,"href":"https:\/\/stop-racism.eu\/da\/wp-json\/wp\/v2\/users\/1"}],"replies":[{"embeddable":true,"href":"https:\/\/stop-racism.eu\/da\/wp-json\/wp\/v2\/comments?post=624"}],"version-history":[{"count":5,"href":"https:\/\/stop-racism.eu\/da\/wp-json\/wp\/v2\/pages\/624\/revisions"}],"predecessor-version":[{"id":1122,"href":"https:\/\/stop-racism.eu\/da\/wp-json\/wp\/v2\/pages\/624\/revisions\/1122"}],"wp:attachment":[{"href":"https:\/\/stop-racism.eu\/da\/wp-json\/wp\/v2\/media?parent=624"}],"curies":[{"name":"wp","href":"https:\/\/api.w.org\/{rel}","templated":true}]}}